{"id":148,"date":"2025-12-30T13:46:12","date_gmt":"2025-12-30T13:46:12","guid":{"rendered":"http:\/\/54vhavocats.com\/staging\/?page_id=148"},"modified":"2026-03-13T13:31:10","modified_gmt":"2026-03-13T13:31:10","slug":"contentieux-commercial","status":"publish","type":"page","link":"https:\/\/54vhavocats.com\/staging\/contentieux-commercial\/","title":{"rendered":"Contentieux commercial"},"content":{"rendered":"<div class=\"oxy-container-148-100 oxy-container section header\"><img decoding=\"async\" class=\"oxy-image-148-101 oxy-image header-bg\" src=\"http:\/\/54vhavocats.com\/staging\/wp-content\/uploads\/2025\/12\/solen-feyissa-bg6keHKDf4A-unsplash-scaled.jpg\" loading=\"lazy\" srcset=\"https:\/\/54vhavocats.com\/staging\/wp-content\/uploads\/2025\/12\/solen-feyissa-bg6keHKDf4A-unsplash-scaled.jpg 1707w, https:\/\/54vhavocats.com\/staging\/wp-content\/uploads\/2025\/12\/solen-feyissa-bg6keHKDf4A-unsplash-200x300.jpg 200w, https:\/\/54vhavocats.com\/staging\/wp-content\/uploads\/2025\/12\/solen-feyissa-bg6keHKDf4A-unsplash-683x1024.jpg 683w, https:\/\/54vhavocats.com\/staging\/wp-content\/uploads\/2025\/12\/solen-feyissa-bg6keHKDf4A-unsplash-768x1152.jpg 768w, https:\/\/54vhavocats.com\/staging\/wp-content\/uploads\/2025\/12\/solen-feyissa-bg6keHKDf4A-unsplash-1024x1536.jpg 1024w, https:\/\/54vhavocats.com\/staging\/wp-content\/uploads\/2025\/12\/solen-feyissa-bg6keHKDf4A-unsplash-1365x2048.jpg 1365w\" sizes=\"(max-width: 1707px) 100vw, 1707px\"><div class=\"oxy-container-148-102 oxy-container container\"><div class=\"oxy-container-148-103 oxy-container h1-wrapper\"><a class=\"oxy-container-link-148-104 oxy-container-link cta-light\" href=\"http:\/\/54vhavocats.com\/staging\/expertises\/\" target=\"_self\"><div class=\"oxy-svg-icon-148-105 oxy-svg-icon\">\n<svg xmlns=\"http:\/\/www.w3.org\/2000\/svg\" id=\"icon-arrow-left2\" viewBox=\"0 0 32 32\">\n<path d=\"M12.586 27.414l-10-10c-0.781-0.781-0.781-2.047 0-2.828l10-10c0.781-0.781 2.047-0.781 2.828 0s0.781 2.047 0 2.828l-6.586 6.586h19.172c1.105 0 2 0.895 2 2s-0.895 2-2 2h-19.172l6.586 6.586c0.39 0.39 0.586 0.902 0.586 1.414s-0.195 1.024-0.586 1.414c-0.781 0.781-2.047 0.781-2.828 0z\"\/>\n<\/svg>\n<\/div><div class=\"oxy-text-148-106 oxy-text\">\nRetour aux expertises\n<\/div><\/a><h1 class=\"oxy-text-148-107 oxy-text h2\">\nContentieux commercial\n<\/h1><\/div><\/div><\/div><div class=\"oxy-container-148-108 oxy-container section\"><div class=\"oxy-container-148-109 oxy-container container mb-md\"><div class=\"oxy-container-148-110 oxy-container h2-wrapper left\"><div class=\"oxy-text-148-111 oxy-text subheader\">\nnotre savoir faire\n<\/div><h2 class=\"oxy-text-148-112 oxy-text h2\">\nD\u00e9fendre vos int\u00e9r\u00eats avec rigueur et r\u00e9activit\u00e9\n<\/h2><\/div><\/div><div class=\"oxy-container-148-113 oxy-container container mb-lg\"><div class=\"oxy-container-148-114 oxy-container flex-col\"><div class=\"oxy-container-148-115 oxy-container grow\"><div class=\"oxy-container-148-116 oxy-container\"><div class=\"oxy-rich-text-148-117 oxy-rich-text\">\n<p><span style=\"font-weight: 400;\">Nous intervenons devant toutes les juridictions commerciales pour d\u00e9fendre les int\u00e9r\u00eats de votre entreprise.<\/span><\/p>\n<p><span style=\"font-weight: 400;\">\u27a1\ufe0f<\/span><span style=\"font-weight: 400;\"> Nous privil\u00e9gions toujours une <\/span><b>r\u00e9solution rapide et efficace<\/b><span style=\"font-weight: 400;\">, conciliant strat\u00e9gie juridique et int\u00e9r\u00eat \u00e9conomique.<\/span><\/p>\n<\/div><\/div><\/div><div class=\"oxy-container-148-118 oxy-container button-wrapper shrink\"><a class=\"oxy-container-link-148-119 oxy-container-link button\" target=\"_self\"><div class=\"oxy-text-148-120 oxy-text button-text\">\nNous contacter\n<\/div><\/a><\/div><\/div><\/div><div class=\"oxy-container-148-121 oxy-container container mb-md\"><div class=\"oxy-container-148-122 oxy-container grid-2\"><div class=\"oxy-container-148-123 oxy-container main-text-wrapper\"><div class=\"oxy-container-148-124 oxy-container main-text\"><div class=\"oxy-html-code-148-125 oxy-html-code hor-line\">\n<svg width=\"6\" height=\"auto\" viewBox=\"0 0 6 auto\" fill=\"none\" xmlns=\"http:\/\/www.w3.org\/2000\/svg\">\n<line x1=\"3\" y1=\"1.31134e-07\" x2=\"2.99998\" y2=\"350\" stroke=\"#174249\" stroke-width=\"6\"\/>\n<\/svg>\n\n<\/div><div class=\"oxy-container-148-126 oxy-container text-wrapper\"><h3 class=\"oxy-text-148-127 oxy-text h3\">\nConflits entre associ\u00e9s\n<\/h3><div class=\"oxy-text-148-128 oxy-text\">\nGouvernance, ex\u00e9cution de pactes, exclusion, cession forc\u00e9e\n<\/div><\/div><\/div><div class=\"oxy-container-148-129 oxy-container main-text\"><div class=\"oxy-html-code-148-130 oxy-html-code hor-line\">\n<svg width=\"6\" height=\"auto\" viewBox=\"0 0 6 auto\" fill=\"none\" xmlns=\"http:\/\/www.w3.org\/2000\/svg\">\n<line x1=\"3\" y1=\"1.31134e-07\" x2=\"2.99998\" y2=\"350\" stroke=\"#174249\" stroke-width=\"6\"\/>\n<\/svg>\n\n<\/div><div class=\"oxy-container-148-131 oxy-container text-wrapper\"><h3 class=\"oxy-text-148-132 oxy-text h3\">\nLitiges commerciaux\n<\/h3><div class=\"oxy-text-148-133 oxy-text\">\n<br>Contrats commerciaux : rupture abusive , in\u00e9xecution contractuelle, responsabilit\u00e9.<br>Baux commerciaux (loyers, cong\u00e9s, r\u00e9siliation, indemnit\u00e9s)<br>\n<\/div><\/div><\/div><div class=\"oxy-container-148-134 oxy-container main-text\"><div class=\"oxy-html-code-148-135 oxy-html-code hor-line\">\n<svg width=\"6\" height=\"auto\" viewBox=\"0 0 6 auto\" fill=\"none\" xmlns=\"http:\/\/www.w3.org\/2000\/svg\">\n<line x1=\"3\" y1=\"1.31134e-07\" x2=\"2.99998\" y2=\"350\" stroke=\"#174249\" stroke-width=\"6\"\/>\n<\/svg>\n\n<\/div><\/div><\/div><div class=\"oxy-container-148-139 oxy-container main-text-wrapper\"><div class=\"oxy-container-148-140 oxy-container main-text\"><div class=\"oxy-html-code-148-141 oxy-html-code hor-line\">\n<svg width=\"6\" height=\"auto\" viewBox=\"0 0 6 auto\" fill=\"none\" xmlns=\"http:\/\/www.w3.org\/2000\/svg\">\n<line x1=\"3\" y1=\"1.31134e-07\" x2=\"2.99998\" y2=\"350\" stroke=\"#174249\" stroke-width=\"6\"\/>\n<\/svg>\n\n<\/div><div class=\"oxy-container-148-142 oxy-container text-wrapper\"><h3 class=\"oxy-text-148-143 oxy-text h3\">\nConflit post cession\n<\/h3><div class=\"oxy-text-148-144 oxy-text\">\nMise en \u0153uvre de la garantie de passif<br>Compl\u00e9ment de prix\n<\/div><\/div><\/div><div class=\"oxy-container-148-145 oxy-container main-text\"><div class=\"oxy-html-code-148-146 oxy-html-code hor-line\">\n<svg width=\"6\" height=\"auto\" viewBox=\"0 0 6 auto\" fill=\"none\" xmlns=\"http:\/\/www.w3.org\/2000\/svg\">\n<line x1=\"3\" y1=\"1.31134e-07\" x2=\"2.99998\" y2=\"350\" stroke=\"#174249\" stroke-width=\"6\"\/>\n<\/svg>\n\n<\/div><div class=\"oxy-container-148-147 oxy-container text-wrapper\"><h3 class=\"oxy-text-148-148 oxy-text h3\">\nRecouvrement de cr\u00e9ances BtoB\n<\/h3><div class=\"oxy-text-148-149 oxy-text\">\nAmiable ou judiciaire<br>Prise de garantie<br>Suivi de l'ex\u00e9cution<br>\n<\/div><\/div><\/div><div class=\"oxy-container-148-150 oxy-container main-text\"><div class=\"oxy-html-code-148-151 oxy-html-code hor-line\">\n<svg width=\"6\" height=\"auto\" viewBox=\"0 0 6 auto\" fill=\"none\" xmlns=\"http:\/\/www.w3.org\/2000\/svg\">\n<line x1=\"3\" y1=\"1.31134e-07\" x2=\"2.99998\" y2=\"350\" stroke=\"#174249\" stroke-width=\"6\"\/>\n<\/svg>\n\n<\/div><\/div><\/div><\/div><\/div><div class=\"oxy-container-148-155 oxy-container container\"><div class=\"oxy-container-148-156 oxy-container int-link\"><h2 class=\"oxy-text-148-157 oxy-text h2 text-center\">\nD\u00e9couvrez nos autres services\n<\/h2><div class=\"oxy-container-148-158 oxy-container flex-col small\"><a class=\"oxy-container-link-148-159 oxy-container-link link-card\" target=\"_self\"><img decoding=\"async\" class=\"oxy-image-148-160 oxy-image card-img\" src=\"http:\/\/54vhavocats.com\/staging\/wp-content\/uploads\/2025\/12\/pawel-czerwinski-FTkp4sD5Gpo-unsplash-scaled.jpg\" loading=\"lazy\" srcset=\"http:\/\/54vhavocats.com\/staging\/wp-content\/uploads\/2025\/12\/pawel-czerwinski-FTkp4sD5Gpo-unsplash-scaled.jpg 2560w, http:\/\/54vhavocats.com\/staging\/wp-content\/uploads\/2025\/12\/pawel-czerwinski-FTkp4sD5Gpo-unsplash-300x200.jpg 300w, http:\/\/54vhavocats.com\/staging\/wp-content\/uploads\/2025\/12\/pawel-czerwinski-FTkp4sD5Gpo-unsplash-1024x683.jpg 1024w, http:\/\/54vhavocats.com\/staging\/wp-content\/uploads\/2025\/12\/pawel-czerwinski-FTkp4sD5Gpo-unsplash-768x512.jpg 768w, http:\/\/54vhavocats.com\/staging\/wp-content\/uploads\/2025\/12\/pawel-czerwinski-FTkp4sD5Gpo-unsplash-1536x1024.jpg 1536w, http:\/\/54vhavocats.com\/staging\/wp-content\/uploads\/2025\/12\/pawel-czerwinski-FTkp4sD5Gpo-unsplash-2048x1365.jpg 2048w\" sizes=\"(max-width: 2560px) 100vw, 2560px\"><div class=\"oxy-container-148-161 oxy-container card-content\"><div class=\"oxy-text-148-162 oxy-text card-title\">\nFiscalit\u00e9\n<\/div><div class=\"oxy-text-148-163 oxy-text card-descr\">\nUne approche strat\u00e9gique et pragmatique de la fiscalit\u00e9\n<\/div><\/div><\/a><a class=\"oxy-container-link-148-164 oxy-container-link link-card\" target=\"_self\"><img decoding=\"async\" class=\"oxy-image-148-165 oxy-image card-img\" src=\"http:\/\/54vhavocats.com\/staging\/wp-content\/uploads\/2025\/12\/pawel-czerwinski-FTkp4sD5Gpo-unsplash-scaled.jpg\" loading=\"lazy\" srcset=\"http:\/\/54vhavocats.com\/staging\/wp-content\/uploads\/2025\/12\/pawel-czerwinski-FTkp4sD5Gpo-unsplash-scaled.jpg 2560w, http:\/\/54vhavocats.com\/staging\/wp-content\/uploads\/2025\/12\/pawel-czerwinski-FTkp4sD5Gpo-unsplash-300x200.jpg 300w, http:\/\/54vhavocats.com\/staging\/wp-content\/uploads\/2025\/12\/pawel-czerwinski-FTkp4sD5Gpo-unsplash-1024x683.jpg 1024w, http:\/\/54vhavocats.com\/staging\/wp-content\/uploads\/2025\/12\/pawel-czerwinski-FTkp4sD5Gpo-unsplash-768x512.jpg 768w, http:\/\/54vhavocats.com\/staging\/wp-content\/uploads\/2025\/12\/pawel-czerwinski-FTkp4sD5Gpo-unsplash-1536x1024.jpg 1536w, http:\/\/54vhavocats.com\/staging\/wp-content\/uploads\/2025\/12\/pawel-czerwinski-FTkp4sD5Gpo-unsplash-2048x1365.jpg 2048w\" sizes=\"(max-width: 2560px) 100vw, 2560px\"><div class=\"oxy-container-148-166 oxy-container card-content\"><div class=\"oxy-text-148-167 oxy-text card-title\">\nFiscalit\u00e9\n<\/div><div class=\"oxy-text-148-168 oxy-text card-descr\">\nUne approche strat\u00e9gique et pragmatique de la fiscalit\u00e9\n<\/div><\/div><\/a><\/div><\/div><\/div><\/div>","protected":false},"excerpt":{"rendered":"<p>Retour aux expertises Contentieux commercial notre savoir faire D\u00e9fendre vos int\u00e9r\u00eats avec rigueur et r\u00e9activit\u00e9 Nous intervenons devant toutes les juridictions commerciales pour d\u00e9fendre les int\u00e9r\u00eats de votre entreprise. \u27a1\ufe0f Nous privil\u00e9gions toujours une r\u00e9solution rapide et efficace, conciliant strat\u00e9gie juridique et int\u00e9r\u00eat \u00e9conomique. Nous contacter Conflits entre associ\u00e9s Gouvernance, ex\u00e9cution de pactes, exclusion, cession [&hellip;]<\/p>\n","protected":false},"author":2,"featured_media":0,"parent":0,"menu_order":0,"comment_status":"closed","ping_status":"closed","template":"","meta":{"_acf_changed":false,"_oxygen_hide_in_design_set":false,"_oxygen_tags":"","footnotes":""},"class_list":["post-148","page","type-page","status-publish","hentry"],"acf":[],"_links":{"self":[{"href":"https:\/\/54vhavocats.com\/staging\/wp-json\/wp\/v2\/pages\/148","targetHints":{"allow":["GET"]}}],"collection":[{"href":"https:\/\/54vhavocats.com\/staging\/wp-json\/wp\/v2\/pages"}],"about":[{"href":"https:\/\/54vhavocats.com\/staging\/wp-json\/wp\/v2\/types\/page"}],"author":[{"embeddable":true,"href":"https:\/\/54vhavocats.com\/staging\/wp-json\/wp\/v2\/users\/2"}],"replies":[{"embeddable":true,"href":"https:\/\/54vhavocats.com\/staging\/wp-json\/wp\/v2\/comments?post=148"}],"version-history":[{"count":6,"href":"https:\/\/54vhavocats.com\/staging\/wp-json\/wp\/v2\/pages\/148\/revisions"}],"predecessor-version":[{"id":205,"href":"https:\/\/54vhavocats.com\/staging\/wp-json\/wp\/v2\/pages\/148\/revisions\/205"}],"wp:attachment":[{"href":"https:\/\/54vhavocats.com\/staging\/wp-json\/wp\/v2\/media?parent=148"}],"curies":[{"name":"wp","href":"https:\/\/api.w.org\/{rel}","templated":true}]}}