{"id":119,"date":"2025-12-30T13:46:13","date_gmt":"2025-12-30T13:46:13","guid":{"rendered":"http:\/\/54vhavocats.com\/staging\/?page_id=119"},"modified":"2026-03-13T13:30:26","modified_gmt":"2026-03-13T13:30:26","slug":"fusions-acquisitions","status":"publish","type":"page","link":"https:\/\/54vhavocats.com\/staging\/fusions-acquisitions\/","title":{"rendered":"Fusions &amp; Acquisitions"},"content":{"rendered":"<div class=\"oxy-container-119-100 oxy-container section header\"><img decoding=\"async\" class=\"oxy-image-119-101 oxy-image header-bg\" src=\"http:\/\/54vhavocats.com\/staging\/wp-content\/uploads\/2025\/12\/pawel-czerwinski-pRSHSA2H_QU-unsplash-scaled.jpg\" loading=\"lazy\" srcset=\"https:\/\/54vhavocats.com\/staging\/wp-content\/uploads\/2025\/12\/pawel-czerwinski-pRSHSA2H_QU-unsplash-scaled.jpg 2560w, https:\/\/54vhavocats.com\/staging\/wp-content\/uploads\/2025\/12\/pawel-czerwinski-pRSHSA2H_QU-unsplash-300x200.jpg 300w, https:\/\/54vhavocats.com\/staging\/wp-content\/uploads\/2025\/12\/pawel-czerwinski-pRSHSA2H_QU-unsplash-1024x683.jpg 1024w, https:\/\/54vhavocats.com\/staging\/wp-content\/uploads\/2025\/12\/pawel-czerwinski-pRSHSA2H_QU-unsplash-768x512.jpg 768w, https:\/\/54vhavocats.com\/staging\/wp-content\/uploads\/2025\/12\/pawel-czerwinski-pRSHSA2H_QU-unsplash-1536x1024.jpg 1536w, https:\/\/54vhavocats.com\/staging\/wp-content\/uploads\/2025\/12\/pawel-czerwinski-pRSHSA2H_QU-unsplash-2048x1365.jpg 2048w\" sizes=\"(max-width: 2560px) 100vw, 2560px\"><div class=\"oxy-container-119-102 oxy-container container\"><div class=\"oxy-container-119-103 oxy-container h1-wrapper\"><a class=\"oxy-container-link-119-104 oxy-container-link cta-light\" href=\"http:\/\/54vhavocats.com\/staging\/expertises\/\" target=\"_self\"><div class=\"oxy-svg-icon-119-105 oxy-svg-icon\">\n<svg xmlns=\"http:\/\/www.w3.org\/2000\/svg\" id=\"icon-arrow-left2\" viewBox=\"0 0 32 32\">\n<path d=\"M12.586 27.414l-10-10c-0.781-0.781-0.781-2.047 0-2.828l10-10c0.781-0.781 2.047-0.781 2.828 0s0.781 2.047 0 2.828l-6.586 6.586h19.172c1.105 0 2 0.895 2 2s-0.895 2-2 2h-19.172l6.586 6.586c0.39 0.39 0.586 0.902 0.586 1.414s-0.195 1.024-0.586 1.414c-0.781 0.781-2.047 0.781-2.828 0z\"\/>\n<\/svg>\n<\/div><div class=\"oxy-text-119-106 oxy-text\">\nRetour aux expertises\n<\/div><\/a><h1 class=\"oxy-text-119-107 oxy-text h2\">\nFusions &amp; Acquisitions\n<\/h1><\/div><\/div><\/div><div class=\"oxy-container-119-108 oxy-container section\"><div class=\"oxy-container-119-109 oxy-container container mb-md\"><div class=\"oxy-container-119-110 oxy-container h2-wrapper left\"><div class=\"oxy-text-119-111 oxy-text subheader\">\nnotre savoir faire\n<\/div><h2 class=\"oxy-text-119-112 oxy-text h2\">\nStructurer et s\u00e9curiser vos op\u00e9rations strat\u00e9giques\n<\/h2><\/div><\/div><div class=\"oxy-container-119-113 oxy-container container mb-lg\"><div class=\"oxy-container-119-114 oxy-container flex-col\"><div class=\"oxy-container-119-115 oxy-container grow\"><div class=\"oxy-container-119-116 oxy-container\"><div class=\"oxy-rich-text-119-117 oxy-rich-text\">\n<p>Nous accompagnons les dirigeants et actionnaires dans leurs projets de croissance externe, de cession ou de transmission d\u2019entreprise.<\/p>\n<p><strong>Notre objectif<\/strong> : vous accompagner tout au long du process d\u2019acquisition ou de cession<\/p>\n<\/div><\/div><\/div><div class=\"oxy-container-119-118 oxy-container button-wrapper shrink\"><a class=\"oxy-container-link-119-119 oxy-container-link button\" target=\"_self\"><div class=\"oxy-text-119-120 oxy-text button-text\">\nNous contacter\n<\/div><\/a><\/div><\/div><\/div><div class=\"oxy-container-119-121 oxy-container container mb-md\"><div class=\"oxy-container-119-122 oxy-container grid-2\"><div class=\"oxy-container-119-123 oxy-container main-text-wrapper\"><div class=\"oxy-container-119-124 oxy-container main-text\"><div class=\"oxy-html-code-119-125 oxy-html-code hor-line\">\n<svg width=\"6\" height=\"auto\" viewBox=\"0 0 6 auto\" fill=\"none\" xmlns=\"http:\/\/www.w3.org\/2000\/svg\">\n<line x1=\"3\" y1=\"1.31134e-07\" x2=\"2.99998\" y2=\"350\" stroke=\"#174249\" stroke-width=\"6\"\/>\n<\/svg>\n\n<\/div><div class=\"oxy-container-119-126 oxy-container text-wrapper\"><h3 class=\"oxy-text-119-127 oxy-text h3\">\n\u00c9valuation d\u2019entreprises\u00a0\n<\/h3><div class=\"oxy-text-119-128 oxy-text\">\nAssistance \u00e0 la valorisation des titres\n<\/div><\/div><\/div><div class=\"oxy-container-119-129 oxy-container main-text\"><div class=\"oxy-html-code-119-130 oxy-html-code hor-line\">\n<svg width=\"6\" height=\"auto\" viewBox=\"0 0 6 auto\" fill=\"none\" xmlns=\"http:\/\/www.w3.org\/2000\/svg\">\n<line x1=\"3\" y1=\"1.31134e-07\" x2=\"2.99998\" y2=\"350\" stroke=\"#174249\" stroke-width=\"6\"\/>\n<\/svg>\n\n<\/div><\/div><\/div><div class=\"oxy-container-119-139 oxy-container main-text-wrapper\"><div class=\"oxy-container-119-140 oxy-container main-text\"><div class=\"oxy-html-code-119-141 oxy-html-code hor-line\">\n<svg width=\"6\" height=\"auto\" viewBox=\"0 0 6 auto\" fill=\"none\" xmlns=\"http:\/\/www.w3.org\/2000\/svg\">\n<line x1=\"3\" y1=\"1.31134e-07\" x2=\"2.99998\" y2=\"350\" stroke=\"#174249\" stroke-width=\"6\"\/>\n<\/svg>\n\n<\/div><div class=\"oxy-container-119-142 oxy-container text-wrapper\"><h3 class=\"oxy-text-119-143 oxy-text h3\">\nAcquisition ou cession de participations\n<\/h3><div class=\"oxy-text-119-144 oxy-text\">\nAudits, n\u00e9gociation, r\u00e9daction et s\u00e9curisation des actes de cession et de garantie d\u2019actif et de passif\n<\/div><\/div><\/div><div class=\"oxy-container-119-145 oxy-container main-text\"><div class=\"oxy-html-code-119-146 oxy-html-code hor-line\">\n<svg width=\"6\" height=\"auto\" viewBox=\"0 0 6 auto\" fill=\"none\" xmlns=\"http:\/\/www.w3.org\/2000\/svg\">\n<line x1=\"3\" y1=\"1.31134e-07\" x2=\"2.99998\" y2=\"350\" stroke=\"#174249\" stroke-width=\"6\"\/>\n<\/svg>\n\n<\/div><div class=\"oxy-container-119-147 oxy-container text-wrapper\"><h3 class=\"oxy-text-119-148 oxy-text h3\">\nConseil global\n<\/h3><div class=\"oxy-text-119-149 oxy-text\">\nJusqu\u2019\u00e0 la signature d\u00e9finitive des op\u00e9rations\n<\/div><\/div><\/div><\/div><\/div><\/div><div class=\"oxy-container-119-155 oxy-container container\"><div class=\"oxy-container-119-156 oxy-container int-link\"><h2 class=\"oxy-text-119-157 oxy-text h2 text-center\">\nD\u00e9couvrez nos autres services\n<\/h2><div class=\"oxy-container-119-158 oxy-container flex-col small\"><a class=\"oxy-container-link-119-159 oxy-container-link link-card\" target=\"_self\"><img decoding=\"async\" class=\"oxy-image-119-160 oxy-image card-img\" src=\"http:\/\/54vhavocats.com\/staging\/wp-content\/uploads\/2025\/12\/pawel-czerwinski-FTkp4sD5Gpo-unsplash-scaled.jpg\" loading=\"lazy\" srcset=\"http:\/\/54vhavocats.com\/staging\/wp-content\/uploads\/2025\/12\/pawel-czerwinski-FTkp4sD5Gpo-unsplash-scaled.jpg 2560w, http:\/\/54vhavocats.com\/staging\/wp-content\/uploads\/2025\/12\/pawel-czerwinski-FTkp4sD5Gpo-unsplash-300x200.jpg 300w, http:\/\/54vhavocats.com\/staging\/wp-content\/uploads\/2025\/12\/pawel-czerwinski-FTkp4sD5Gpo-unsplash-1024x683.jpg 1024w, http:\/\/54vhavocats.com\/staging\/wp-content\/uploads\/2025\/12\/pawel-czerwinski-FTkp4sD5Gpo-unsplash-768x512.jpg 768w, http:\/\/54vhavocats.com\/staging\/wp-content\/uploads\/2025\/12\/pawel-czerwinski-FTkp4sD5Gpo-unsplash-1536x1024.jpg 1536w, http:\/\/54vhavocats.com\/staging\/wp-content\/uploads\/2025\/12\/pawel-czerwinski-FTkp4sD5Gpo-unsplash-2048x1365.jpg 2048w\" sizes=\"(max-width: 2560px) 100vw, 2560px\"><div class=\"oxy-container-119-161 oxy-container card-content\"><div class=\"oxy-text-119-162 oxy-text card-title\">\nDroits des soci\u00e9t\u00e9s - Corporate<br>\n<\/div><div class=\"oxy-text-119-163 oxy-text card-descr\">\nXXX \n<\/div><\/div><\/a><a class=\"oxy-container-link-119-164 oxy-container-link link-card\" target=\"_self\"><img decoding=\"async\" class=\"oxy-image-119-165 oxy-image card-img\" src=\"http:\/\/54vhavocats.com\/staging\/wp-content\/uploads\/2025\/12\/pawel-czerwinski-FTkp4sD5Gpo-unsplash-scaled.jpg\" loading=\"lazy\" srcset=\"http:\/\/54vhavocats.com\/staging\/wp-content\/uploads\/2025\/12\/pawel-czerwinski-FTkp4sD5Gpo-unsplash-scaled.jpg 2560w, http:\/\/54vhavocats.com\/staging\/wp-content\/uploads\/2025\/12\/pawel-czerwinski-FTkp4sD5Gpo-unsplash-300x200.jpg 300w, http:\/\/54vhavocats.com\/staging\/wp-content\/uploads\/2025\/12\/pawel-czerwinski-FTkp4sD5Gpo-unsplash-1024x683.jpg 1024w, http:\/\/54vhavocats.com\/staging\/wp-content\/uploads\/2025\/12\/pawel-czerwinski-FTkp4sD5Gpo-unsplash-768x512.jpg 768w, http:\/\/54vhavocats.com\/staging\/wp-content\/uploads\/2025\/12\/pawel-czerwinski-FTkp4sD5Gpo-unsplash-1536x1024.jpg 1536w, http:\/\/54vhavocats.com\/staging\/wp-content\/uploads\/2025\/12\/pawel-czerwinski-FTkp4sD5Gpo-unsplash-2048x1365.jpg 2048w\" sizes=\"(max-width: 2560px) 100vw, 2560px\"><div class=\"oxy-container-119-166 oxy-container card-content\"><div class=\"oxy-text-119-167 oxy-text card-title\">\nFiscalit\u00e9\n<\/div><div class=\"oxy-text-119-168 oxy-text card-descr\">\nUne approche strat\u00e9gique et pragmatique de la fiscalit\u00e9\n<\/div><\/div><\/a><\/div><\/div><\/div><\/div>","protected":false},"excerpt":{"rendered":"<p>Retour aux expertises Fusions &amp; Acquisitions notre savoir faire Structurer et s\u00e9curiser vos op\u00e9rations strat\u00e9giques Nous accompagnons les dirigeants et actionnaires dans leurs projets de croissance externe, de cession ou de transmission d\u2019entreprise. Notre objectif : vous accompagner tout au long du process d\u2019acquisition ou de cession Nous contacter \u00c9valuation d\u2019entreprises\u00a0 Assistance \u00e0 la valorisation [&hellip;]<\/p>\n","protected":false},"author":1,"featured_media":0,"parent":0,"menu_order":0,"comment_status":"closed","ping_status":"closed","template":"","meta":{"_acf_changed":false,"_oxygen_hide_in_design_set":false,"_oxygen_tags":"","footnotes":""},"class_list":["post-119","page","type-page","status-publish","hentry"],"acf":[],"_links":{"self":[{"href":"https:\/\/54vhavocats.com\/staging\/wp-json\/wp\/v2\/pages\/119","targetHints":{"allow":["GET"]}}],"collection":[{"href":"https:\/\/54vhavocats.com\/staging\/wp-json\/wp\/v2\/pages"}],"about":[{"href":"https:\/\/54vhavocats.com\/staging\/wp-json\/wp\/v2\/types\/page"}],"author":[{"embeddable":true,"href":"https:\/\/54vhavocats.com\/staging\/wp-json\/wp\/v2\/users\/1"}],"replies":[{"embeddable":true,"href":"https:\/\/54vhavocats.com\/staging\/wp-json\/wp\/v2\/comments?post=119"}],"version-history":[{"count":8,"href":"https:\/\/54vhavocats.com\/staging\/wp-json\/wp\/v2\/pages\/119\/revisions"}],"predecessor-version":[{"id":202,"href":"https:\/\/54vhavocats.com\/staging\/wp-json\/wp\/v2\/pages\/119\/revisions\/202"}],"wp:attachment":[{"href":"https:\/\/54vhavocats.com\/staging\/wp-json\/wp\/v2\/media?parent=119"}],"curies":[{"name":"wp","href":"https:\/\/api.w.org\/{rel}","templated":true}]}}