{"id":22,"date":"2025-12-12T14:14:02","date_gmt":"2025-12-12T14:14:02","guid":{"rendered":"http:\/\/54vhavocats.com\/staging\/?page_id=22"},"modified":"2026-03-10T15:37:22","modified_gmt":"2026-03-10T15:37:22","slug":"le-cabinet","status":"publish","type":"page","link":"http:\/\/54vhavocats.com\/staging\/le-cabinet\/","title":{"rendered":"Le Cabinet"},"content":{"rendered":"<div class=\"oxy-container-22-100 oxy-container section header\"><img decoding=\"async\" class=\"oxy-image-22-101 oxy-image header-bg\" src=\"http:\/\/54vhavocats.com\/staging\/wp-content\/uploads\/2025\/12\/pawel-czerwinski-7qYduFkRI8U-unsplash-scaled.jpg\" loading=\"lazy\" srcset=\"http:\/\/54vhavocats.com\/staging\/wp-content\/uploads\/2025\/12\/pawel-czerwinski-7qYduFkRI8U-unsplash-scaled.jpg 2560w, http:\/\/54vhavocats.com\/staging\/wp-content\/uploads\/2025\/12\/pawel-czerwinski-7qYduFkRI8U-unsplash-300x200.jpg 300w, http:\/\/54vhavocats.com\/staging\/wp-content\/uploads\/2025\/12\/pawel-czerwinski-7qYduFkRI8U-unsplash-1024x683.jpg 1024w, http:\/\/54vhavocats.com\/staging\/wp-content\/uploads\/2025\/12\/pawel-czerwinski-7qYduFkRI8U-unsplash-768x512.jpg 768w, http:\/\/54vhavocats.com\/staging\/wp-content\/uploads\/2025\/12\/pawel-czerwinski-7qYduFkRI8U-unsplash-1536x1024.jpg 1536w, http:\/\/54vhavocats.com\/staging\/wp-content\/uploads\/2025\/12\/pawel-czerwinski-7qYduFkRI8U-unsplash-2048x1365.jpg 2048w\" sizes=\"(max-width: 2560px) 100vw, 2560px\"><div class=\"oxy-container-22-102 oxy-container container\"><div class=\"oxy-container-22-103 oxy-container h1-wrapper\"><h1 class=\"oxy-text-22-104 oxy-text h1\">\nLe cabinet\n<\/h1><div class=\"oxy-text-22-105 oxy-text subheader hidden\">\nAvocats au service des dirigeants et des entreprises\n<\/div><\/div><\/div><\/div><div class=\"oxy-container-22-106 oxy-container section hidden\"><div class=\"oxy-container-22-107 oxy-container container mb-md\"><div class=\"oxy-container-22-108 oxy-container h2-wrapper left\"><div class=\"oxy-text-22-109 oxy-text subheader\">\nengagements\n<\/div><h2 class=\"oxy-text-22-110 oxy-text h2\">\nNos valeurs\n<\/h2><\/div><\/div><div class=\"oxy-container-22-112 oxy-container container\"><div class=\"oxy-container-22-120 oxy-container grid-2\"><div class=\"oxy-container-22-121 oxy-container main-text-wrapper\"><div class=\"oxy-container-22-191 oxy-container main-text\"><div class=\"oxy-html-code-22-197 oxy-html-code hor-line\">\n<svg width=\"6\" height=\"auto\" viewBox=\"0 0 6 auto\" fill=\"none\" xmlns=\"http:\/\/www.w3.org\/2000\/svg\">\n<line x1=\"3\" y1=\"1.31134e-07\" x2=\"2.99998\" y2=\"350\" stroke=\"#174249\" stroke-width=\"6\"\/>\n<\/svg>\n\n<\/div><div class=\"oxy-container-22-192 oxy-container text-wrapper\"><h3 class=\"oxy-text-22-193 oxy-text h3\">\nExpertise\n<\/h3><div class=\"oxy-text-22-194 oxy-text\">\nLorem ipsum dolor sit amet, consectetur adipiscing elit. Suspendisse varius elementum tristique. Duis cursus, mi quis viverra ut commodo diam libero vitae erat. Suspendisse varius elementum tristique.\n<\/div><\/div><\/div><div class=\"oxy-container-22-203 oxy-container main-text\"><div class=\"oxy-html-code-22-204 oxy-html-code hor-line\">\n<svg width=\"6\" height=\"auto\" viewBox=\"0 0 6 auto\" fill=\"none\" xmlns=\"http:\/\/www.w3.org\/2000\/svg\">\n<line x1=\"3\" y1=\"1.31134e-07\" x2=\"2.99998\" y2=\"350\" stroke=\"#174249\" stroke-width=\"6\"\/>\n<\/svg>\n\n<\/div><div class=\"oxy-container-22-205 oxy-container text-wrapper\"><h3 class=\"oxy-text-22-206 oxy-text h3\">\nRigueur\n<\/h3><div class=\"oxy-text-22-207 oxy-text\">\nLorem ipsum dolor sit amet, consectetur adipiscing elit. Suspendisse varius elementum tristique. Duis cursus, mi quis viverra ut commodo diam libero vitae erat. Suspendisse varius elementum tristique.\n<\/div><\/div><\/div><div class=\"oxy-container-22-198 oxy-container main-text\"><div class=\"oxy-html-code-22-199 oxy-html-code hor-line\">\n<svg width=\"6\" height=\"auto\" viewBox=\"0 0 6 auto\" fill=\"none\" xmlns=\"http:\/\/www.w3.org\/2000\/svg\">\n<line x1=\"3\" y1=\"1.31134e-07\" x2=\"2.99998\" y2=\"350\" stroke=\"#174249\" stroke-width=\"6\"\/>\n<\/svg>\n\n<\/div><div class=\"oxy-container-22-200 oxy-container text-wrapper\"><h3 class=\"oxy-text-22-201 oxy-text h3\">\nCr\u00e9ativit\u00e9\n<\/h3><div class=\"oxy-text-22-202 oxy-text\">\nLorem ipsum dolor sit amet, consectetur adipiscing elit. Suspendisse varius elementum tristique. Duis cursus, mi quis viverra ut commodo diam libero vitae erat. Suspendisse varius elementum tristique.\n<\/div><\/div><\/div><\/div><div class=\"oxy-container-22-122 oxy-container img-wrapper\"><img decoding=\"async\" class=\"oxy-image-22-136 oxy-image img\" src=\"http:\/\/54vhavocats.com\/staging\/wp-content\/uploads\/2025\/12\/Image-Placeholder.png\" loading=\"lazy\" srcset=\"https:\/\/54vhavocats.com\/staging\/wp-content\/uploads\/2025\/12\/Image-Placeholder.png 520w, https:\/\/54vhavocats.com\/staging\/wp-content\/uploads\/2025\/12\/Image-Placeholder-287x300.png 287w\" sizes=\"(max-width: 520px) 100vw, 520px\"><\/div><\/div><\/div><\/div><div class=\"oxy-container-22-137 oxy-container section\"><div class=\"oxy-container-22-138 oxy-container container mb-md\"><div class=\"oxy-container-22-139 oxy-container h2-wrapper left\"><div class=\"oxy-text-22-140 oxy-text subheader\">\nQui sommes nous ?\n<\/div><h2 class=\"oxy-text-22-141 oxy-text h2\">\nNotre \u00e9quipe\n<\/h2><\/div><\/div><div class=\"oxy-container-22-142 oxy-container container\"><div class=\"oxy-container-22-143 oxy-container grid-2\"><div class=\"oxy-container-22-156 oxy-container portrait-wrap\"><div class=\"oxy-container-22-158 oxy-container portrait_img-wrap\"><img decoding=\"async\" class=\"oxy-image-22-159 oxy-image img\" src=\"data:image\/svg+xml;charset=UTF-8,%3csvg xmlns=&#039;http:\/\/www.w3.org\/2000\/svg&#039; width=&#039;540&#039; height=&#039;540&#039; viewBox=&#039;0 0 140 140&#039;%3e%3cpath d=&#039;M0 0h140v140H0z&#039; fill=&#039;%23e5e7eb&#039;\/%3e%3cpath d=&#039;M88 82.46H51.8v-4.52l6.74-6.74a1.13 1.13 0 011.6 0l5.23 5.23 12.76-12.77a1.13 1.13 0 011.6 0L88 71.91z&#039; fill=&#039;%23e5e7eb&#039;\/%3e%3cpath d=&#039;M89.48 52.32H50.29a4.52 4.52 0 00-4.52 4.52V84a4.53 4.53 0 004.52 4.52h39.19A4.52 4.52 0 0094 84V56.84a4.52 4.52 0 00-4.52-4.52zm-33.16 5.27a5.28 5.28 0 11-5.27 5.28 5.27 5.27 0 015.27-5.28zM88 82.46H51.8v-4.52l6.74-6.74a1.13 1.13 0 011.6 0l5.23 5.23 12.76-12.77a1.13 1.13 0 011.6 0L88 71.91z&#039; fill=&#039;%23d1d5db&#039;\/%3e%3c\/svg%3e\" loading=\"lazy\"><\/div><div class=\"oxy-container-22-163 oxy-container portrait_text-wrap\"><h4 class=\"oxy-text-22-161 oxy-text h3 mb-xs\">\nVirginie <span style=\"color:#256C76; font-weight:700;\">VERCAMER<\/span><br>\n<\/h4><div class=\"oxy-text-22-164 oxy-text portrait-subheader\">\nAssoci\u00e9e fondatrice\n<\/div><\/div><div class=\"oxy-text-22-160 oxy-text\">\nAvocate depuis 25 ans  avec une solide exp\u00e9rience en droit fiscal et en droit commercial,  conseil des dirigeants et de leurs entreprises sur toutes les probl\u00e9matiques attach\u00e9es \u00e0 la cr\u00e9ation et \u00e0 la vie de leur soci\u00e9t\u00e9, \u00e0 l'organisation de leur patrimoine professionnel et personnel. \n<\/div><div class=\"oxy-container-22-166 oxy-container portrait_cta-wrap\"><a class=\"oxy-container-link-22-170 oxy-container-link cta-light\" target=\"_self\"><div class=\"oxy-text-22-162 oxy-text\">\nContacter\n<\/div><div class=\"oxy-svg-icon-22-175 oxy-svg-icon\">\n<svg xmlns=\"http:\/\/www.w3.org\/2000\/svg\" viewBox=\"0 0 448 512\"><!--! Font Awesome Free 6.5.1 by @fontawesome - https:\/\/fontawesome.com License - https:\/\/fontawesome.com\/license\/free (Icons: CC BY 4.0, Fonts: SIL OFL 1.1, Code: MIT License) Copyright 2023 Fonticons, Inc. --><path d=\"M438.6 278.6c12.5-12.5 12.5-32.8 0-45.3l-160-160c-12.5-12.5-32.8-12.5-45.3 0s-12.5 32.8 0 45.3L338.8 224 32 224c-17.7 0-32 14.3-32 32s14.3 32 32 32l306.7 0L233.4 393.4c-12.5 12.5-12.5 32.8 0 45.3s32.8 12.5 45.3 0l160-160z\"\/><\/svg>\n<\/div><\/a><a class=\"oxy-container-link-22-177 oxy-container-link\" target=\"_self\"><div class=\"oxy-svg-icon-22-176 oxy-svg-icon icon-xsmall\">\n<svg xmlns=\"http:\/\/www.w3.org\/2000\/svg\" id=\"icon-linkedin\" viewBox=\"0 0 32 32\">\n<path d=\"M29 0h-26c-1.65 0-3 1.35-3 3v26c0 1.65 1.35 3 3 3h26c1.65 0 3-1.35 3-3v-26c0-1.65-1.35-3-3-3zM12 26h-4v-14h4v14zM10 10c-1.106 0-2-0.894-2-2s0.894-2 2-2c1.106 0 2 0.894 2 2s-0.894 2-2 2zM26 26h-4v-8c0-1.106-0.894-2-2-2s-2 0.894-2 2v8h-4v-14h4v2.481c0.825-1.131 2.087-2.481 3.5-2.481 2.488 0 4.5 2.238 4.5 5v9z\"\/>\n<\/svg>\n<\/div><\/a><\/div><\/div><div class=\"oxy-container-22-178 oxy-container portrait-wrap\"><div class=\"oxy-container-22-179 oxy-container portrait_img-wrap\"><img decoding=\"async\" class=\"oxy-image-22-180 oxy-image img\" src=\"data:image\/svg+xml;charset=UTF-8,%3csvg xmlns=&#039;http:\/\/www.w3.org\/2000\/svg&#039; width=&#039;540&#039; height=&#039;540&#039; viewBox=&#039;0 0 140 140&#039;%3e%3cpath d=&#039;M0 0h140v140H0z&#039; fill=&#039;%23e5e7eb&#039;\/%3e%3cpath d=&#039;M88 82.46H51.8v-4.52l6.74-6.74a1.13 1.13 0 011.6 0l5.23 5.23 12.76-12.77a1.13 1.13 0 011.6 0L88 71.91z&#039; fill=&#039;%23e5e7eb&#039;\/%3e%3cpath d=&#039;M89.48 52.32H50.29a4.52 4.52 0 00-4.52 4.52V84a4.53 4.53 0 004.52 4.52h39.19A4.52 4.52 0 0094 84V56.84a4.52 4.52 0 00-4.52-4.52zm-33.16 5.27a5.28 5.28 0 11-5.27 5.28 5.27 5.27 0 015.27-5.28zM88 82.46H51.8v-4.52l6.74-6.74a1.13 1.13 0 011.6 0l5.23 5.23 12.76-12.77a1.13 1.13 0 011.6 0L88 71.91z&#039; fill=&#039;%23d1d5db&#039;\/%3e%3c\/svg%3e\" loading=\"lazy\"><\/div><div class=\"oxy-container-22-181 oxy-container portrait_text-wrap\"><h4 class=\"oxy-text-22-182 oxy-text h3 mb-xs\">\nAlexis <span style=\"color:#256C76; font-weight:700;\">CATTEAU<\/span><br>\n<\/h4><div class=\"oxy-text-22-183 oxy-text portrait-subheader\">\nAssoci\u00e9 fondateur\n<\/div><\/div><div class=\"oxy-text-22-184 oxy-text\">\nAvocat au Barreau de Paris depuis 2013, il traite des contentieux commerciaux en adoptant une approche strat\u00e9gique et rigoureuse, vous apportant une d\u00e9fense claire et ma\u00eetris\u00e9e. \n<\/div><div class=\"oxy-container-22-185 oxy-container portrait_cta-wrap\"><a class=\"oxy-container-link-22-186 oxy-container-link cta-light\" target=\"_self\"><div class=\"oxy-text-22-187 oxy-text\">\nContacter\n<\/div><div class=\"oxy-svg-icon-22-188 oxy-svg-icon\">\n<svg xmlns=\"http:\/\/www.w3.org\/2000\/svg\" viewBox=\"0 0 448 512\"><!--! Font Awesome Free 6.5.1 by @fontawesome - https:\/\/fontawesome.com License - https:\/\/fontawesome.com\/license\/free (Icons: CC BY 4.0, Fonts: SIL OFL 1.1, Code: MIT License) Copyright 2023 Fonticons, Inc. --><path d=\"M438.6 278.6c12.5-12.5 12.5-32.8 0-45.3l-160-160c-12.5-12.5-32.8-12.5-45.3 0s-12.5 32.8 0 45.3L338.8 224 32 224c-17.7 0-32 14.3-32 32s14.3 32 32 32l306.7 0L233.4 393.4c-12.5 12.5-12.5 32.8 0 45.3s32.8 12.5 45.3 0l160-160z\"\/><\/svg>\n<\/div><\/a><a class=\"oxy-container-link-22-189 oxy-container-link\" target=\"_self\"><div class=\"oxy-svg-icon-22-190 oxy-svg-icon icon-xsmall\">\n<svg xmlns=\"http:\/\/www.w3.org\/2000\/svg\" id=\"icon-linkedin\" viewBox=\"0 0 32 32\">\n<path d=\"M29 0h-26c-1.65 0-3 1.35-3 3v26c0 1.65 1.35 3 3 3h26c1.65 0 3-1.35 3-3v-26c0-1.65-1.35-3-3-3zM12 26h-4v-14h4v14zM10 10c-1.106 0-2-0.894-2-2s0.894-2 2-2c1.106 0 2 0.894 2 2s-0.894 2-2 2zM26 26h-4v-8c0-1.106-0.894-2-2-2s-2 0.894-2 2v8h-4v-14h4v2.481c0.825-1.131 2.087-2.481 3.5-2.481 2.488 0 4.5 2.238 4.5 5v9z\"\/>\n<\/svg>\n<\/div><\/a><\/div><\/div><\/div><\/div><\/div>","protected":false},"excerpt":{"rendered":"<p>Le cabinet Avocats au service des dirigeants et des entreprises engagements Nos valeurs Expertise Lorem ipsum dolor sit amet, consectetur adipiscing elit. Suspendisse varius elementum tristique. Duis cursus, mi quis viverra ut commodo diam libero vitae erat. Suspendisse varius elementum tristique. Rigueur Lorem ipsum dolor sit amet, consectetur adipiscing elit. Suspendisse varius elementum tristique. Duis [&hellip;]<\/p>\n","protected":false},"author":1,"featured_media":0,"parent":0,"menu_order":0,"comment_status":"closed","ping_status":"closed","template":"","meta":{"_acf_changed":false,"_oxygen_hide_in_design_set":false,"_oxygen_tags":"","footnotes":""},"class_list":["post-22","page","type-page","status-publish","hentry"],"acf":[],"_links":{"self":[{"href":"http:\/\/54vhavocats.com\/staging\/wp-json\/wp\/v2\/pages\/22","targetHints":{"allow":["GET"]}}],"collection":[{"href":"http:\/\/54vhavocats.com\/staging\/wp-json\/wp\/v2\/pages"}],"about":[{"href":"http:\/\/54vhavocats.com\/staging\/wp-json\/wp\/v2\/types\/page"}],"author":[{"embeddable":true,"href":"http:\/\/54vhavocats.com\/staging\/wp-json\/wp\/v2\/users\/1"}],"replies":[{"embeddable":true,"href":"http:\/\/54vhavocats.com\/staging\/wp-json\/wp\/v2\/comments?post=22"}],"version-history":[{"count":16,"href":"http:\/\/54vhavocats.com\/staging\/wp-json\/wp\/v2\/pages\/22\/revisions"}],"predecessor-version":[{"id":192,"href":"http:\/\/54vhavocats.com\/staging\/wp-json\/wp\/v2\/pages\/22\/revisions\/192"}],"wp:attachment":[{"href":"http:\/\/54vhavocats.com\/staging\/wp-json\/wp\/v2\/media?parent=22"}],"curies":[{"name":"wp","href":"https:\/\/api.w.org\/{rel}","templated":true}]}}