{"id":155,"date":"2025-12-30T13:46:13","date_gmt":"2025-12-30T13:46:13","guid":{"rendered":"http:\/\/54vhavocats.com\/staging\/?page_id=155"},"modified":"2026-03-13T13:30:13","modified_gmt":"2026-03-13T13:30:13","slug":"mediation","status":"publish","type":"page","link":"http:\/\/54vhavocats.com\/staging\/mediation\/","title":{"rendered":"M\u00e9diation"},"content":{"rendered":"<div class=\"oxy-container-155-100 oxy-container section header\"><img decoding=\"async\" class=\"oxy-image-155-101 oxy-image header-bg\" src=\"http:\/\/54vhavocats.com\/staging\/wp-content\/uploads\/2025\/12\/pawel-czerwinski-_ePJEC-R0q4-unsplash-scaled.jpg\" loading=\"lazy\" srcset=\"https:\/\/54vhavocats.com\/staging\/wp-content\/uploads\/2025\/12\/pawel-czerwinski-_ePJEC-R0q4-unsplash-scaled.jpg 2560w, https:\/\/54vhavocats.com\/staging\/wp-content\/uploads\/2025\/12\/pawel-czerwinski-_ePJEC-R0q4-unsplash-300x200.jpg 300w, https:\/\/54vhavocats.com\/staging\/wp-content\/uploads\/2025\/12\/pawel-czerwinski-_ePJEC-R0q4-unsplash-1024x683.jpg 1024w, https:\/\/54vhavocats.com\/staging\/wp-content\/uploads\/2025\/12\/pawel-czerwinski-_ePJEC-R0q4-unsplash-768x512.jpg 768w, https:\/\/54vhavocats.com\/staging\/wp-content\/uploads\/2025\/12\/pawel-czerwinski-_ePJEC-R0q4-unsplash-1536x1024.jpg 1536w, https:\/\/54vhavocats.com\/staging\/wp-content\/uploads\/2025\/12\/pawel-czerwinski-_ePJEC-R0q4-unsplash-2048x1365.jpg 2048w\" sizes=\"(max-width: 2560px) 100vw, 2560px\"><div class=\"oxy-container-155-102 oxy-container container\"><div class=\"oxy-container-155-103 oxy-container h1-wrapper\"><a class=\"oxy-container-link-155-104 oxy-container-link cta-light\" href=\"http:\/\/54vhavocats.com\/staging\/expertises\/\" target=\"_self\"><div class=\"oxy-svg-icon-155-105 oxy-svg-icon\">\n<svg xmlns=\"http:\/\/www.w3.org\/2000\/svg\" id=\"icon-arrow-left2\" viewBox=\"0 0 32 32\">\n<path d=\"M12.586 27.414l-10-10c-0.781-0.781-0.781-2.047 0-2.828l10-10c0.781-0.781 2.047-0.781 2.828 0s0.781 2.047 0 2.828l-6.586 6.586h19.172c1.105 0 2 0.895 2 2s-0.895 2-2 2h-19.172l6.586 6.586c0.39 0.39 0.586 0.902 0.586 1.414s-0.195 1.024-0.586 1.414c-0.781 0.781-2.047 0.781-2.828 0z\"\/>\n<\/svg>\n<\/div><div class=\"oxy-text-155-106 oxy-text\">\nRetour aux expertises\n<\/div><\/a><h1 class=\"oxy-text-155-107 oxy-text h2\">\nM\u00e9diation\n<\/h1><\/div><\/div><\/div><div class=\"oxy-container-155-108 oxy-container section\"><div class=\"oxy-container-155-109 oxy-container container mb-md\"><div class=\"oxy-container-155-110 oxy-container h2-wrapper left\"><div class=\"oxy-text-155-111 oxy-text subheader\">\nnotre savoir faire\n<\/div><h2 class=\"oxy-text-155-112 oxy-text h2\">\nR\u00e9soudre autrement\n<\/h2><\/div><\/div><div class=\"oxy-container-155-113 oxy-container container mb-lg\"><div class=\"oxy-container-155-114 oxy-container flex-col\"><div class=\"oxy-container-155-115 oxy-container grow\"><div class=\"oxy-container-155-116 oxy-container\"><div class=\"oxy-rich-text-155-117 oxy-rich-text\">\n<p>\u00a0<\/p>\n<p><span style=\"font-weight: 400;\">La m\u00e9diation est une voie moderne et pragmatique de <\/span><b>r\u00e9solution des litiges<\/b><span style=\"font-weight: 400;\">.<\/span><span style=\"font-weight: 400;\"><br \/><\/span><span style=\"font-weight: 400;\">Elle permet de pr\u00e9server les relations commerciales tout en ma\u00eetrisant les co\u00fbts et les d\u00e9lais.<\/span><\/p>\n<p><span style=\"font-weight: 400;\">Votre temps est compt\u00e9, vous souhaitez trouvez une issue rapide et\/ou confidentiel \u00e0 votre litige, vous souhaitez rester ma\u00eetre de la solution qui sera donn\u00e9e \u00e0 votre litige,\u00a0 la m\u00e9diation peut \u00eatre le processus id\u00e9al pour votre litige.<\/span><\/p>\n<p><span style=\"font-weight: 400;\">Form\u00e9 en tant que m\u00e9diateur et \u00e0 la m\u00e9diation, nous pouvons en qualit\u00e9 de m\u00e9diateur vous aider avec l'autre ou les autres parties \u00e0 trouver une solution amiable \u00e0 votre litige.\u00a0 <\/span><span style=\"font-weight: 400;\">En tant qu'avocats, nous vous accompagnons , nous vous assurons la construction et l'efficacit\u00e9 juridique de votre protocole d'accord . <\/span><\/p>\n<p><span style=\"font-weight: 400;\">\u27a1\ufe0f<\/span><span style=\"font-weight: 400;\"> Nous favorisons une <\/span><b>approche rapide et constructive<\/b><span style=\"font-weight: 400;\"> des diff\u00e9rends, dans le respect des int\u00e9r\u00eats de l\u2019entreprise et de ses acteurs.<\/span><\/p>\n<\/div><\/div><\/div><div class=\"oxy-container-155-118 oxy-container button-wrapper shrink\"><a class=\"oxy-container-link-155-119 oxy-container-link button\" target=\"_self\"><div class=\"oxy-text-155-120 oxy-text button-text\">\nNous contacter\n<\/div><\/a><\/div><\/div><\/div><div class=\"oxy-container-155-121 oxy-container container mb-md\"><div class=\"oxy-container-155-122 oxy-container grid-2\"><div class=\"oxy-container-155-123 oxy-container main-text-wrapper\"><div class=\"oxy-container-155-124 oxy-container main-text\"><div class=\"oxy-html-code-155-125 oxy-html-code hor-line\">\n<svg width=\"6\" height=\"auto\" viewBox=\"0 0 6 auto\" fill=\"none\" xmlns=\"http:\/\/www.w3.org\/2000\/svg\">\n<line x1=\"3\" y1=\"1.31134e-07\" x2=\"2.99998\" y2=\"350\" stroke=\"#174249\" stroke-width=\"6\"\/>\n<\/svg>\n\n<\/div><div class=\"oxy-container-155-126 oxy-container text-wrapper\"><h3 class=\"oxy-text-155-127 oxy-text h3\">\nAide \u00e0 la r\u00e9solution amiable\n<\/h3><div class=\"oxy-text-155-128 oxy-text\">\nDes diff\u00e9rends entre partenaires, associ\u00e9s ou cocontractants\n<\/div><\/div><\/div><div class=\"oxy-container-155-129 oxy-container main-text\"><div class=\"oxy-html-code-155-130 oxy-html-code hor-line\">\n<svg width=\"6\" height=\"auto\" viewBox=\"0 0 6 auto\" fill=\"none\" xmlns=\"http:\/\/www.w3.org\/2000\/svg\">\n<line x1=\"3\" y1=\"1.31134e-07\" x2=\"2.99998\" y2=\"350\" stroke=\"#174249\" stroke-width=\"6\"\/>\n<\/svg>\n\n<\/div><\/div><div class=\"oxy-container-155-134 oxy-container main-text\"><div class=\"oxy-html-code-155-135 oxy-html-code hor-line\">\n<svg width=\"6\" height=\"auto\" viewBox=\"0 0 6 auto\" fill=\"none\" xmlns=\"http:\/\/www.w3.org\/2000\/svg\">\n<line x1=\"3\" y1=\"1.31134e-07\" x2=\"2.99998\" y2=\"350\" stroke=\"#174249\" stroke-width=\"6\"\/>\n<\/svg>\n\n<\/div><\/div><\/div><div class=\"oxy-container-155-139 oxy-container main-text-wrapper\"><div class=\"oxy-container-155-140 oxy-container main-text\"><div class=\"oxy-html-code-155-141 oxy-html-code hor-line\">\n<svg width=\"6\" height=\"auto\" viewBox=\"0 0 6 auto\" fill=\"none\" xmlns=\"http:\/\/www.w3.org\/2000\/svg\">\n<line x1=\"3\" y1=\"1.31134e-07\" x2=\"2.99998\" y2=\"350\" stroke=\"#174249\" stroke-width=\"6\"\/>\n<\/svg>\n\n<\/div><div class=\"oxy-container-155-142 oxy-container text-wrapper\"><h3 class=\"oxy-text-155-143 oxy-text h3\">\nAccompagnement\n<\/h3><div class=\"oxy-text-155-144 oxy-text\">\nDans la pr\u00e9paration, la n\u00e9gociation et la formalisation des accords issus de la m\u00e9diation\n<\/div><\/div><\/div><div class=\"oxy-container-155-145 oxy-container main-text\"><div class=\"oxy-html-code-155-146 oxy-html-code hor-line\">\n<svg width=\"6\" height=\"auto\" viewBox=\"0 0 6 auto\" fill=\"none\" xmlns=\"http:\/\/www.w3.org\/2000\/svg\">\n<line x1=\"3\" y1=\"1.31134e-07\" x2=\"2.99998\" y2=\"350\" stroke=\"#174249\" stroke-width=\"6\"\/>\n<\/svg>\n\n<\/div><\/div><div class=\"oxy-container-155-150 oxy-container main-text\"><div class=\"oxy-html-code-155-151 oxy-html-code hor-line\">\n<svg width=\"6\" height=\"auto\" viewBox=\"0 0 6 auto\" fill=\"none\" xmlns=\"http:\/\/www.w3.org\/2000\/svg\">\n<line x1=\"3\" y1=\"1.31134e-07\" x2=\"2.99998\" y2=\"350\" stroke=\"#174249\" stroke-width=\"6\"\/>\n<\/svg>\n\n<\/div><\/div><\/div><\/div><\/div><div class=\"oxy-container-155-155 oxy-container container\"><div class=\"oxy-container-155-156 oxy-container int-link\"><h2 class=\"oxy-text-155-157 oxy-text h2 text-center\">\nD\u00e9couvrez nos autres services\n<\/h2><div class=\"oxy-container-155-158 oxy-container flex-col small\"><a class=\"oxy-container-link-155-159 oxy-container-link link-card\" target=\"_self\"><img decoding=\"async\" class=\"oxy-image-155-160 oxy-image card-img\" src=\"http:\/\/54vhavocats.com\/staging\/wp-content\/uploads\/2025\/12\/pawel-czerwinski-FTkp4sD5Gpo-unsplash-scaled.jpg\" loading=\"lazy\" srcset=\"http:\/\/54vhavocats.com\/staging\/wp-content\/uploads\/2025\/12\/pawel-czerwinski-FTkp4sD5Gpo-unsplash-scaled.jpg 2560w, http:\/\/54vhavocats.com\/staging\/wp-content\/uploads\/2025\/12\/pawel-czerwinski-FTkp4sD5Gpo-unsplash-300x200.jpg 300w, http:\/\/54vhavocats.com\/staging\/wp-content\/uploads\/2025\/12\/pawel-czerwinski-FTkp4sD5Gpo-unsplash-1024x683.jpg 1024w, http:\/\/54vhavocats.com\/staging\/wp-content\/uploads\/2025\/12\/pawel-czerwinski-FTkp4sD5Gpo-unsplash-768x512.jpg 768w, http:\/\/54vhavocats.com\/staging\/wp-content\/uploads\/2025\/12\/pawel-czerwinski-FTkp4sD5Gpo-unsplash-1536x1024.jpg 1536w, http:\/\/54vhavocats.com\/staging\/wp-content\/uploads\/2025\/12\/pawel-czerwinski-FTkp4sD5Gpo-unsplash-2048x1365.jpg 2048w\" sizes=\"(max-width: 2560px) 100vw, 2560px\"><div class=\"oxy-container-155-161 oxy-container card-content\"><div class=\"oxy-text-155-162 oxy-text card-title\">\nFiscalit\u00e9\n<\/div><div class=\"oxy-text-155-163 oxy-text card-descr\">\nUne approche strat\u00e9gique et pragmatique de la fiscalit\u00e9\n<\/div><\/div><\/a><a class=\"oxy-container-link-155-164 oxy-container-link link-card\" target=\"_self\"><img decoding=\"async\" class=\"oxy-image-155-165 oxy-image card-img\" src=\"http:\/\/54vhavocats.com\/staging\/wp-content\/uploads\/2025\/12\/pawel-czerwinski-FTkp4sD5Gpo-unsplash-scaled.jpg\" loading=\"lazy\" srcset=\"http:\/\/54vhavocats.com\/staging\/wp-content\/uploads\/2025\/12\/pawel-czerwinski-FTkp4sD5Gpo-unsplash-scaled.jpg 2560w, http:\/\/54vhavocats.com\/staging\/wp-content\/uploads\/2025\/12\/pawel-czerwinski-FTkp4sD5Gpo-unsplash-300x200.jpg 300w, http:\/\/54vhavocats.com\/staging\/wp-content\/uploads\/2025\/12\/pawel-czerwinski-FTkp4sD5Gpo-unsplash-1024x683.jpg 1024w, http:\/\/54vhavocats.com\/staging\/wp-content\/uploads\/2025\/12\/pawel-czerwinski-FTkp4sD5Gpo-unsplash-768x512.jpg 768w, http:\/\/54vhavocats.com\/staging\/wp-content\/uploads\/2025\/12\/pawel-czerwinski-FTkp4sD5Gpo-unsplash-1536x1024.jpg 1536w, http:\/\/54vhavocats.com\/staging\/wp-content\/uploads\/2025\/12\/pawel-czerwinski-FTkp4sD5Gpo-unsplash-2048x1365.jpg 2048w\" sizes=\"(max-width: 2560px) 100vw, 2560px\"><div class=\"oxy-container-155-166 oxy-container card-content\"><div class=\"oxy-text-155-167 oxy-text card-title\">\nFiscalit\u00e9\n<\/div><div class=\"oxy-text-155-168 oxy-text card-descr\">\nUne approche strat\u00e9gique et pragmatique de la fiscalit\u00e9\n<\/div><\/div><\/a><\/div><\/div><\/div><\/div>","protected":false},"excerpt":{"rendered":"<p>Retour aux expertises M\u00e9diation notre savoir faire R\u00e9soudre autrement \u00a0 La m\u00e9diation est une voie moderne et pragmatique de r\u00e9solution des litiges.Elle permet de pr\u00e9server les relations commerciales tout en ma\u00eetrisant les co\u00fbts et les d\u00e9lais. Votre temps est compt\u00e9, vous souhaitez trouvez une issue rapide et\/ou confidentiel \u00e0 votre litige, vous souhaitez rester ma\u00eetre [&hellip;]<\/p>\n","protected":false},"author":2,"featured_media":0,"parent":0,"menu_order":0,"comment_status":"closed","ping_status":"closed","template":"","meta":{"_acf_changed":false,"_oxygen_hide_in_design_set":false,"_oxygen_tags":"","footnotes":""},"class_list":["post-155","page","type-page","status-publish","hentry"],"acf":[],"_links":{"self":[{"href":"http:\/\/54vhavocats.com\/staging\/wp-json\/wp\/v2\/pages\/155","targetHints":{"allow":["GET"]}}],"collection":[{"href":"http:\/\/54vhavocats.com\/staging\/wp-json\/wp\/v2\/pages"}],"about":[{"href":"http:\/\/54vhavocats.com\/staging\/wp-json\/wp\/v2\/types\/page"}],"author":[{"embeddable":true,"href":"http:\/\/54vhavocats.com\/staging\/wp-json\/wp\/v2\/users\/2"}],"replies":[{"embeddable":true,"href":"http:\/\/54vhavocats.com\/staging\/wp-json\/wp\/v2\/comments?post=155"}],"version-history":[{"count":7,"href":"http:\/\/54vhavocats.com\/staging\/wp-json\/wp\/v2\/pages\/155\/revisions"}],"predecessor-version":[{"id":201,"href":"http:\/\/54vhavocats.com\/staging\/wp-json\/wp\/v2\/pages\/155\/revisions\/201"}],"wp:attachment":[{"href":"http:\/\/54vhavocats.com\/staging\/wp-json\/wp\/v2\/media?parent=155"}],"curies":[{"name":"wp","href":"https:\/\/api.w.org\/{rel}","templated":true}]}}