{"id":151,"date":"2025-12-30T13:46:13","date_gmt":"2025-12-30T13:46:13","guid":{"rendered":"http:\/\/54vhavocats.com\/staging\/?page_id=151"},"modified":"2026-03-13T13:50:20","modified_gmt":"2026-03-13T13:50:20","slug":"procedures-collectives","status":"publish","type":"page","link":"http:\/\/54vhavocats.com\/staging\/procedures-collectives\/","title":{"rendered":"Proc\u00e9dures collectives"},"content":{"rendered":"<div class=\"oxy-container-151-100 oxy-container section header\"><img decoding=\"async\" class=\"oxy-image-151-101 oxy-image header-bg\" src=\"http:\/\/54vhavocats.com\/staging\/wp-content\/uploads\/2025\/12\/pawel-czerwinski-aNN7cWjfiqM-unsplash-scaled.jpg\" loading=\"lazy\" srcset=\"https:\/\/54vhavocats.com\/staging\/wp-content\/uploads\/2025\/12\/pawel-czerwinski-aNN7cWjfiqM-unsplash-scaled.jpg 2560w, https:\/\/54vhavocats.com\/staging\/wp-content\/uploads\/2025\/12\/pawel-czerwinski-aNN7cWjfiqM-unsplash-300x200.jpg 300w, https:\/\/54vhavocats.com\/staging\/wp-content\/uploads\/2025\/12\/pawel-czerwinski-aNN7cWjfiqM-unsplash-1024x683.jpg 1024w, https:\/\/54vhavocats.com\/staging\/wp-content\/uploads\/2025\/12\/pawel-czerwinski-aNN7cWjfiqM-unsplash-768x512.jpg 768w, https:\/\/54vhavocats.com\/staging\/wp-content\/uploads\/2025\/12\/pawel-czerwinski-aNN7cWjfiqM-unsplash-1536x1024.jpg 1536w, https:\/\/54vhavocats.com\/staging\/wp-content\/uploads\/2025\/12\/pawel-czerwinski-aNN7cWjfiqM-unsplash-2048x1365.jpg 2048w\" sizes=\"(max-width: 2560px) 100vw, 2560px\"><div class=\"oxy-container-151-102 oxy-container container\"><div class=\"oxy-container-151-103 oxy-container h1-wrapper\"><a class=\"oxy-container-link-151-104 oxy-container-link cta-light\" href=\"http:\/\/54vhavocats.com\/staging\/expertises\/\" target=\"_self\"><div class=\"oxy-svg-icon-151-105 oxy-svg-icon\">\n<svg xmlns=\"http:\/\/www.w3.org\/2000\/svg\" id=\"icon-arrow-left2\" viewBox=\"0 0 32 32\">\n<path d=\"M12.586 27.414l-10-10c-0.781-0.781-0.781-2.047 0-2.828l10-10c0.781-0.781 2.047-0.781 2.828 0s0.781 2.047 0 2.828l-6.586 6.586h19.172c1.105 0 2 0.895 2 2s-0.895 2-2 2h-19.172l6.586 6.586c0.39 0.39 0.586 0.902 0.586 1.414s-0.195 1.024-0.586 1.414c-0.781 0.781-2.047 0.781-2.828 0z\"\/>\n<\/svg>\n<\/div><div class=\"oxy-text-151-106 oxy-text\">\nRetour aux expertises\n<\/div><\/a><h1 class=\"oxy-text-151-107 oxy-text h2\">\nProc\u00e9dures collectives\n<\/h1><\/div><\/div><\/div><div class=\"oxy-container-151-108 oxy-container section\"><div class=\"oxy-container-151-109 oxy-container container mb-md\"><div class=\"oxy-container-151-110 oxy-container h2-wrapper left\"><div class=\"oxy-text-151-111 oxy-text subheader\">\nnotre savoir faire\n<\/div><h2 class=\"oxy-text-151-112 oxy-text h2\">\nAnticiper et g\u00e9rer les difficult\u00e9s financi\u00e8res\n<\/h2><\/div><\/div><div class=\"oxy-container-151-113 oxy-container container mb-lg\"><div class=\"oxy-container-151-114 oxy-container flex-col\"><div class=\"oxy-container-151-115 oxy-container grow\"><div class=\"oxy-container-151-116 oxy-container\"><div class=\"oxy-rich-text-151-117 oxy-rich-text\">\n<p><span style=\"font-weight: 400;\">Nous accompagnons les dirigeants confront\u00e9s \u00e0 des tensions de tr\u00e9sorerie ou \u00e0 une cessation de paiement afin de <\/span><b>pr\u00e9server leur activit\u00e9 et prot\u00e9ger leur responsabilit\u00e9<\/b><span style=\"font-weight: 400;\">.<\/span><\/p>\n<p><span style=\"font-weight: 400;\">Nous vous assistons pour <strong>la r\u00e9daction des offres de reprise<\/strong> des soci\u00e9t\u00e9s en redressement ou en liquidation judiciaire.<\/span><\/p>\n<p>\u27a1\ufe0f Nous intervenons avec <b>discr\u00e9tion et efficacit\u00e9<\/b>.<\/p>\n<\/div><\/div><\/div><div class=\"oxy-container-151-118 oxy-container button-wrapper shrink\"><a class=\"oxy-container-link-151-119 oxy-container-link button\" target=\"_self\"><div class=\"oxy-text-151-120 oxy-text button-text\">\nNous contacter\n<\/div><\/a><\/div><\/div><\/div><div class=\"oxy-container-151-121 oxy-container container mb-md\"><div class=\"oxy-container-151-122 oxy-container grid-2\"><div class=\"oxy-container-151-123 oxy-container main-text-wrapper\"><div class=\"oxy-container-151-124 oxy-container main-text\"><div class=\"oxy-html-code-151-125 oxy-html-code hor-line\">\n<svg width=\"6\" height=\"auto\" viewBox=\"0 0 6 auto\" fill=\"none\" xmlns=\"http:\/\/www.w3.org\/2000\/svg\">\n<line x1=\"3\" y1=\"1.31134e-07\" x2=\"2.99998\" y2=\"350\" stroke=\"#174249\" stroke-width=\"6\"\/>\n<\/svg>\n\n<\/div><div class=\"oxy-container-151-126 oxy-container text-wrapper\"><h3 class=\"oxy-text-151-127 oxy-text h3\">\nChoix et ouverture de la proc\u00e9dure la plus adapt\u00e9e\n<\/h3><div class=\"oxy-text-151-128 oxy-text\">\nConciliation, sauvegarde, redressement, liquidation\n<\/div><\/div><\/div><div class=\"oxy-container-151-129 oxy-container main-text\"><div class=\"oxy-html-code-151-130 oxy-html-code hor-line\">\n<svg width=\"6\" height=\"auto\" viewBox=\"0 0 6 auto\" fill=\"none\" xmlns=\"http:\/\/www.w3.org\/2000\/svg\">\n<line x1=\"3\" y1=\"1.31134e-07\" x2=\"2.99998\" y2=\"350\" stroke=\"#174249\" stroke-width=\"6\"\/>\n<\/svg>\n\n<\/div><\/div><div class=\"oxy-container-151-134 oxy-container main-text\"><div class=\"oxy-html-code-151-135 oxy-html-code hor-line\">\n<svg width=\"6\" height=\"auto\" viewBox=\"0 0 6 auto\" fill=\"none\" xmlns=\"http:\/\/www.w3.org\/2000\/svg\">\n<line x1=\"3\" y1=\"1.31134e-07\" x2=\"2.99998\" y2=\"350\" stroke=\"#174249\" stroke-width=\"6\"\/>\n<\/svg>\n\n<\/div><\/div><\/div><div class=\"oxy-container-151-139 oxy-container main-text-wrapper\"><div class=\"oxy-container-151-140 oxy-container main-text\"><div class=\"oxy-html-code-151-141 oxy-html-code hor-line\">\n<svg width=\"6\" height=\"auto\" viewBox=\"0 0 6 auto\" fill=\"none\" xmlns=\"http:\/\/www.w3.org\/2000\/svg\">\n<line x1=\"3\" y1=\"1.31134e-07\" x2=\"2.99998\" y2=\"350\" stroke=\"#174249\" stroke-width=\"6\"\/>\n<\/svg>\n\n<\/div><div class=\"oxy-container-151-142 oxy-container text-wrapper\"><h3 class=\"oxy-text-151-143 oxy-text h3\">\nAssistance tout au long de la proc\u00e9dure\n<\/h3><div class=\"oxy-text-151-144 oxy-text\">\nContentieux des cr\u00e9ances d\u00e9clar\u00e9es, contestation du plan, et dans les relations avec les organes de la proc\u00e9dure<br><br>Pour les reprises : analyse du cahier des charges, r\u00e9daction de l'offre, r\u00e9daction de l'acte de cession, relation avec les organes de la proc\u00e9dure\n<\/div><\/div><\/div><\/div><\/div><\/div><div class=\"oxy-container-151-155 oxy-container container\"><div class=\"oxy-container-151-156 oxy-container int-link\"><h2 class=\"oxy-text-151-157 oxy-text h2 text-center\">\nD\u00e9couvrez nos autres services\n<\/h2><div class=\"oxy-container-151-158 oxy-container flex-col small\"><a class=\"oxy-container-link-151-159 oxy-container-link link-card\" target=\"_self\"><img decoding=\"async\" class=\"oxy-image-151-160 oxy-image card-img\" src=\"http:\/\/54vhavocats.com\/staging\/wp-content\/uploads\/2025\/12\/pawel-czerwinski-FTkp4sD5Gpo-unsplash-scaled.jpg\" loading=\"lazy\" srcset=\"http:\/\/54vhavocats.com\/staging\/wp-content\/uploads\/2025\/12\/pawel-czerwinski-FTkp4sD5Gpo-unsplash-scaled.jpg 2560w, http:\/\/54vhavocats.com\/staging\/wp-content\/uploads\/2025\/12\/pawel-czerwinski-FTkp4sD5Gpo-unsplash-300x200.jpg 300w, http:\/\/54vhavocats.com\/staging\/wp-content\/uploads\/2025\/12\/pawel-czerwinski-FTkp4sD5Gpo-unsplash-1024x683.jpg 1024w, http:\/\/54vhavocats.com\/staging\/wp-content\/uploads\/2025\/12\/pawel-czerwinski-FTkp4sD5Gpo-unsplash-768x512.jpg 768w, http:\/\/54vhavocats.com\/staging\/wp-content\/uploads\/2025\/12\/pawel-czerwinski-FTkp4sD5Gpo-unsplash-1536x1024.jpg 1536w, http:\/\/54vhavocats.com\/staging\/wp-content\/uploads\/2025\/12\/pawel-czerwinski-FTkp4sD5Gpo-unsplash-2048x1365.jpg 2048w\" sizes=\"(max-width: 2560px) 100vw, 2560px\"><div class=\"oxy-container-151-161 oxy-container card-content\"><div class=\"oxy-text-151-162 oxy-text card-title\">\nFiscalit\u00e9\n<\/div><div class=\"oxy-text-151-163 oxy-text card-descr\">\nUne approche strat\u00e9gique et pragmatique de la fiscalit\u00e9\n<\/div><\/div><\/a><a class=\"oxy-container-link-151-164 oxy-container-link link-card\" target=\"_self\"><img decoding=\"async\" class=\"oxy-image-151-165 oxy-image card-img\" src=\"http:\/\/54vhavocats.com\/staging\/wp-content\/uploads\/2025\/12\/pawel-czerwinski-FTkp4sD5Gpo-unsplash-scaled.jpg\" loading=\"lazy\" srcset=\"http:\/\/54vhavocats.com\/staging\/wp-content\/uploads\/2025\/12\/pawel-czerwinski-FTkp4sD5Gpo-unsplash-scaled.jpg 2560w, http:\/\/54vhavocats.com\/staging\/wp-content\/uploads\/2025\/12\/pawel-czerwinski-FTkp4sD5Gpo-unsplash-300x200.jpg 300w, http:\/\/54vhavocats.com\/staging\/wp-content\/uploads\/2025\/12\/pawel-czerwinski-FTkp4sD5Gpo-unsplash-1024x683.jpg 1024w, http:\/\/54vhavocats.com\/staging\/wp-content\/uploads\/2025\/12\/pawel-czerwinski-FTkp4sD5Gpo-unsplash-768x512.jpg 768w, http:\/\/54vhavocats.com\/staging\/wp-content\/uploads\/2025\/12\/pawel-czerwinski-FTkp4sD5Gpo-unsplash-1536x1024.jpg 1536w, http:\/\/54vhavocats.com\/staging\/wp-content\/uploads\/2025\/12\/pawel-czerwinski-FTkp4sD5Gpo-unsplash-2048x1365.jpg 2048w\" sizes=\"(max-width: 2560px) 100vw, 2560px\"><div class=\"oxy-container-151-166 oxy-container card-content\"><div class=\"oxy-text-151-167 oxy-text card-title\">\nFiscalit\u00e9\n<\/div><div class=\"oxy-text-151-168 oxy-text card-descr\">\nUne approche strat\u00e9gique et pragmatique de la fiscalit\u00e9\n<\/div><\/div><\/a><\/div><\/div><\/div><\/div>","protected":false},"excerpt":{"rendered":"<p>Retour aux expertises Proc\u00e9dures collectives notre savoir faire Anticiper et g\u00e9rer les difficult\u00e9s financi\u00e8res Nous accompagnons les dirigeants confront\u00e9s \u00e0 des tensions de tr\u00e9sorerie ou \u00e0 une cessation de paiement afin de pr\u00e9server leur activit\u00e9 et prot\u00e9ger leur responsabilit\u00e9. Nous vous assistons pour la r\u00e9daction des offres de reprise des soci\u00e9t\u00e9s en redressement ou en [&hellip;]<\/p>\n","protected":false},"author":2,"featured_media":0,"parent":0,"menu_order":0,"comment_status":"closed","ping_status":"closed","template":"","meta":{"_acf_changed":false,"_oxygen_hide_in_design_set":false,"_oxygen_tags":"","footnotes":""},"class_list":["post-151","page","type-page","status-publish","hentry"],"acf":[],"_links":{"self":[{"href":"http:\/\/54vhavocats.com\/staging\/wp-json\/wp\/v2\/pages\/151","targetHints":{"allow":["GET"]}}],"collection":[{"href":"http:\/\/54vhavocats.com\/staging\/wp-json\/wp\/v2\/pages"}],"about":[{"href":"http:\/\/54vhavocats.com\/staging\/wp-json\/wp\/v2\/types\/page"}],"author":[{"embeddable":true,"href":"http:\/\/54vhavocats.com\/staging\/wp-json\/wp\/v2\/users\/2"}],"replies":[{"embeddable":true,"href":"http:\/\/54vhavocats.com\/staging\/wp-json\/wp\/v2\/comments?post=151"}],"version-history":[{"count":6,"href":"http:\/\/54vhavocats.com\/staging\/wp-json\/wp\/v2\/pages\/151\/revisions"}],"predecessor-version":[{"id":212,"href":"http:\/\/54vhavocats.com\/staging\/wp-json\/wp\/v2\/pages\/151\/revisions\/212"}],"wp:attachment":[{"href":"http:\/\/54vhavocats.com\/staging\/wp-json\/wp\/v2\/media?parent=151"}],"curies":[{"name":"wp","href":"https:\/\/api.w.org\/{rel}","templated":true}]}}