{"id":143,"date":"2025-12-30T13:46:12","date_gmt":"2025-12-30T13:46:12","guid":{"rendered":"http:\/\/54vhavocats.com\/staging\/?page_id=143"},"modified":"2026-01-23T16:13:32","modified_gmt":"2026-01-23T16:13:32","slug":"baux-commerciaux","status":"publish","type":"page","link":"http:\/\/54vhavocats.com\/staging\/baux-commerciaux\/","title":{"rendered":"Baux commerciaux"},"content":{"rendered":"<div class=\"oxy-container-143-100 oxy-container section header\"><img decoding=\"async\" class=\"oxy-image-143-101 oxy-image header-bg\" src=\"http:\/\/54vhavocats.com\/staging\/wp-content\/uploads\/2025\/12\/pawel-czerwinski-2cetJ1IFOOs-unsplash-2.jpg\" loading=\"lazy\" srcset=\"http:\/\/54vhavocats.com\/staging\/wp-content\/uploads\/2025\/12\/pawel-czerwinski-2cetJ1IFOOs-unsplash-2.jpg 2048w, http:\/\/54vhavocats.com\/staging\/wp-content\/uploads\/2025\/12\/pawel-czerwinski-2cetJ1IFOOs-unsplash-2-300x200.jpg 300w, http:\/\/54vhavocats.com\/staging\/wp-content\/uploads\/2025\/12\/pawel-czerwinski-2cetJ1IFOOs-unsplash-2-1024x683.jpg 1024w, http:\/\/54vhavocats.com\/staging\/wp-content\/uploads\/2025\/12\/pawel-czerwinski-2cetJ1IFOOs-unsplash-2-768x512.jpg 768w, http:\/\/54vhavocats.com\/staging\/wp-content\/uploads\/2025\/12\/pawel-czerwinski-2cetJ1IFOOs-unsplash-2-1536x1024.jpg 1536w\" sizes=\"(max-width: 2048px) 100vw, 2048px\"><div class=\"oxy-container-143-102 oxy-container container\"><div class=\"oxy-container-143-103 oxy-container h1-wrapper\"><a class=\"oxy-container-link-143-104 oxy-container-link cta-light\" href=\"http:\/\/54vhavocats.com\/staging\/expertises\/\" target=\"_self\"><div class=\"oxy-svg-icon-143-105 oxy-svg-icon\">\n<svg xmlns=\"http:\/\/www.w3.org\/2000\/svg\" id=\"icon-arrow-left2\" viewBox=\"0 0 32 32\">\n<path d=\"M12.586 27.414l-10-10c-0.781-0.781-0.781-2.047 0-2.828l10-10c0.781-0.781 2.047-0.781 2.828 0s0.781 2.047 0 2.828l-6.586 6.586h19.172c1.105 0 2 0.895 2 2s-0.895 2-2 2h-19.172l6.586 6.586c0.39 0.39 0.586 0.902 0.586 1.414s-0.195 1.024-0.586 1.414c-0.781 0.781-2.047 0.781-2.828 0z\"\/>\n<\/svg>\n<\/div><div class=\"oxy-text-143-106 oxy-text\">\nRetour aux expertises\n<\/div><\/a><h1 class=\"oxy-text-143-107 oxy-text h2\">\nBaux commerciaux\n<\/h1><\/div><\/div><\/div><div class=\"oxy-container-143-108 oxy-container section\"><div class=\"oxy-container-143-109 oxy-container container mb-md\"><div class=\"oxy-container-143-110 oxy-container h2-wrapper left\"><div class=\"oxy-text-143-111 oxy-text subheader\">\nnotre savoir faire\n<\/div><h2 class=\"oxy-text-143-112 oxy-text h2\">\nS\u00e9curiser vos relations locatives professionnelles\n<\/h2><\/div><\/div><div class=\"oxy-container-143-113 oxy-container container mb-lg\"><div class=\"oxy-container-143-114 oxy-container flex-col\"><div class=\"oxy-container-143-115 oxy-container grow\"><div class=\"oxy-container-143-116 oxy-container\"><div class=\"oxy-rich-text-143-117 oxy-rich-text\">\n<p><span style=\"font-weight: 400;\">Nous intervenons pour <\/span><b>prot\u00e9ger les int\u00e9r\u00eats des bailleurs et des preneurs<\/b><span style=\"font-weight: 400;\"> tout au long de la vie du bail commercial.<\/span><\/p>\n<p><span style=\"font-weight: 400;\">\u27a1\ufe0f<\/span><span style=\"font-weight: 400;\"> Notre objectif : <\/span><b>pr\u00e9venir les contentieux<\/b><span style=\"font-weight: 400;\"> et garantir la <\/span><b>stabilit\u00e9 juridique<\/b><span style=\"font-weight: 400;\"> de vos locaux d\u2019exploitation, vous <strong>conseiller et vous assister<\/strong> <strong>dans le cadre des contentieux.<\/strong><\/span><\/p>\n<\/div><\/div><\/div><div class=\"oxy-container-143-118 oxy-container button-wrapper shrink\"><a class=\"oxy-container-link-143-119 oxy-container-link button\" target=\"_self\"><div class=\"oxy-text-143-120 oxy-text button-text\">\nNous contacter\n<\/div><\/a><\/div><\/div><\/div><div class=\"oxy-container-143-121 oxy-container container mb-md\"><div class=\"oxy-container-143-122 oxy-container grid-2\"><div class=\"oxy-container-143-123 oxy-container main-text-wrapper\"><div class=\"oxy-container-143-124 oxy-container main-text\"><div class=\"oxy-html-code-143-125 oxy-html-code hor-line\">\n<svg width=\"6\" height=\"auto\" viewBox=\"0 0 6 auto\" fill=\"none\" xmlns=\"http:\/\/www.w3.org\/2000\/svg\">\n<line x1=\"3\" y1=\"1.31134e-07\" x2=\"2.99998\" y2=\"350\" stroke=\"#174249\" stroke-width=\"6\"\/>\n<\/svg>\n\n<\/div><div class=\"oxy-container-143-126 oxy-container text-wrapper\"><h3 class=\"oxy-text-143-127 oxy-text h3\">\nN\u00e9gociation et r\u00e9daction du bail\n<\/h3><\/div><\/div><div class=\"oxy-container-143-129 oxy-container main-text\"><div class=\"oxy-html-code-143-130 oxy-html-code hor-line\">\n<svg width=\"6\" height=\"auto\" viewBox=\"0 0 6 auto\" fill=\"none\" xmlns=\"http:\/\/www.w3.org\/2000\/svg\">\n<line x1=\"3\" y1=\"1.31134e-07\" x2=\"2.99998\" y2=\"350\" stroke=\"#174249\" stroke-width=\"6\"\/>\n<\/svg>\n\n<\/div><div class=\"oxy-container-143-131 oxy-container text-wrapper\"><h3 class=\"oxy-text-143-132 oxy-text h3\">\nRenouvellement, cong\u00e9 et fixation du loyer\n<\/h3><\/div><\/div><div class=\"oxy-container-143-134 oxy-container main-text\"><div class=\"oxy-html-code-143-135 oxy-html-code hor-line\">\n<svg width=\"6\" height=\"auto\" viewBox=\"0 0 6 auto\" fill=\"none\" xmlns=\"http:\/\/www.w3.org\/2000\/svg\">\n<line x1=\"3\" y1=\"1.31134e-07\" x2=\"2.99998\" y2=\"350\" stroke=\"#174249\" stroke-width=\"6\"\/>\n<\/svg>\n\n<\/div><\/div><\/div><div class=\"oxy-container-143-139 oxy-container main-text-wrapper\"><div class=\"oxy-container-143-140 oxy-container main-text\"><div class=\"oxy-html-code-143-141 oxy-html-code hor-line\">\n<svg width=\"6\" height=\"auto\" viewBox=\"0 0 6 auto\" fill=\"none\" xmlns=\"http:\/\/www.w3.org\/2000\/svg\">\n<line x1=\"3\" y1=\"1.31134e-07\" x2=\"2.99998\" y2=\"350\" stroke=\"#174249\" stroke-width=\"6\"\/>\n<\/svg>\n\n<\/div><div class=\"oxy-container-143-142 oxy-container text-wrapper\"><h3 class=\"oxy-text-143-143 oxy-text h3\">\nCession de droit au bail ou de fonds de commerce\n<\/h3><\/div><\/div><div class=\"oxy-container-143-145 oxy-container main-text\"><div class=\"oxy-html-code-143-146 oxy-html-code hor-line\">\n<svg width=\"6\" height=\"auto\" viewBox=\"0 0 6 auto\" fill=\"none\" xmlns=\"http:\/\/www.w3.org\/2000\/svg\">\n<line x1=\"3\" y1=\"1.31134e-07\" x2=\"2.99998\" y2=\"350\" stroke=\"#174249\" stroke-width=\"6\"\/>\n<\/svg>\n\n<\/div><div class=\"oxy-container-143-147 oxy-container text-wrapper\"><h3 class=\"oxy-text-143-148 oxy-text h3\">\nContentieux<br>\n<\/h3><\/div><\/div><div class=\"oxy-container-143-150 oxy-container main-text\"><div class=\"oxy-html-code-143-151 oxy-html-code hor-line\">\n<svg width=\"6\" height=\"auto\" viewBox=\"0 0 6 auto\" fill=\"none\" xmlns=\"http:\/\/www.w3.org\/2000\/svg\">\n<line x1=\"3\" y1=\"1.31134e-07\" x2=\"2.99998\" y2=\"350\" stroke=\"#174249\" stroke-width=\"6\"\/>\n<\/svg>\n\n<\/div><div class=\"oxy-container-143-152 oxy-container text-wrapper\"><div class=\"oxy-text-143-154 oxy-text\">\n\n<\/div><\/div><\/div><\/div><\/div><\/div><div class=\"oxy-container-143-155 oxy-container container\"><div class=\"oxy-container-143-156 oxy-container int-link\"><h2 class=\"oxy-text-143-157 oxy-text h2 text-center\">\nD\u00e9couvrez nos autres services\n<\/h2><div class=\"oxy-container-143-158 oxy-container flex-col small\"><a class=\"oxy-container-link-143-159 oxy-container-link link-card\" target=\"_self\"><img decoding=\"async\" class=\"oxy-image-143-160 oxy-image card-img\" src=\"http:\/\/54vhavocats.com\/staging\/wp-content\/uploads\/2025\/12\/pawel-czerwinski-FTkp4sD5Gpo-unsplash-scaled.jpg\" loading=\"lazy\" srcset=\"http:\/\/54vhavocats.com\/staging\/wp-content\/uploads\/2025\/12\/pawel-czerwinski-FTkp4sD5Gpo-unsplash-scaled.jpg 2560w, http:\/\/54vhavocats.com\/staging\/wp-content\/uploads\/2025\/12\/pawel-czerwinski-FTkp4sD5Gpo-unsplash-300x200.jpg 300w, http:\/\/54vhavocats.com\/staging\/wp-content\/uploads\/2025\/12\/pawel-czerwinski-FTkp4sD5Gpo-unsplash-1024x683.jpg 1024w, http:\/\/54vhavocats.com\/staging\/wp-content\/uploads\/2025\/12\/pawel-czerwinski-FTkp4sD5Gpo-unsplash-768x512.jpg 768w, http:\/\/54vhavocats.com\/staging\/wp-content\/uploads\/2025\/12\/pawel-czerwinski-FTkp4sD5Gpo-unsplash-1536x1024.jpg 1536w, http:\/\/54vhavocats.com\/staging\/wp-content\/uploads\/2025\/12\/pawel-czerwinski-FTkp4sD5Gpo-unsplash-2048x1365.jpg 2048w\" sizes=\"(max-width: 2560px) 100vw, 2560px\"><div class=\"oxy-container-143-161 oxy-container card-content\"><div class=\"oxy-text-143-162 oxy-text card-title\">\nFiscalit\u00e9\n<\/div><div class=\"oxy-text-143-163 oxy-text card-descr\">\nUne approche strat\u00e9gique et pragmatique de la fiscalit\u00e9\n<\/div><\/div><\/a><a class=\"oxy-container-link-143-164 oxy-container-link link-card\" target=\"_self\"><img decoding=\"async\" class=\"oxy-image-143-165 oxy-image card-img\" src=\"http:\/\/54vhavocats.com\/staging\/wp-content\/uploads\/2025\/12\/pawel-czerwinski-FTkp4sD5Gpo-unsplash-scaled.jpg\" loading=\"lazy\" srcset=\"http:\/\/54vhavocats.com\/staging\/wp-content\/uploads\/2025\/12\/pawel-czerwinski-FTkp4sD5Gpo-unsplash-scaled.jpg 2560w, http:\/\/54vhavocats.com\/staging\/wp-content\/uploads\/2025\/12\/pawel-czerwinski-FTkp4sD5Gpo-unsplash-300x200.jpg 300w, http:\/\/54vhavocats.com\/staging\/wp-content\/uploads\/2025\/12\/pawel-czerwinski-FTkp4sD5Gpo-unsplash-1024x683.jpg 1024w, http:\/\/54vhavocats.com\/staging\/wp-content\/uploads\/2025\/12\/pawel-czerwinski-FTkp4sD5Gpo-unsplash-768x512.jpg 768w, http:\/\/54vhavocats.com\/staging\/wp-content\/uploads\/2025\/12\/pawel-czerwinski-FTkp4sD5Gpo-unsplash-1536x1024.jpg 1536w, http:\/\/54vhavocats.com\/staging\/wp-content\/uploads\/2025\/12\/pawel-czerwinski-FTkp4sD5Gpo-unsplash-2048x1365.jpg 2048w\" sizes=\"(max-width: 2560px) 100vw, 2560px\"><div class=\"oxy-container-143-166 oxy-container card-content\"><div class=\"oxy-text-143-167 oxy-text card-title\">\nFiscalit\u00e9\n<\/div><div class=\"oxy-text-143-168 oxy-text card-descr\">\nUne approche strat\u00e9gique et pragmatique de la fiscalit\u00e9\n<\/div><\/div><\/a><\/div><\/div><\/div><\/div>","protected":false},"excerpt":{"rendered":"<p>Retour aux expertises Baux commerciaux notre savoir faire S\u00e9curiser vos relations locatives professionnelles Nous intervenons pour prot\u00e9ger les int\u00e9r\u00eats des bailleurs et des preneurs tout au long de la vie du bail commercial. \u27a1\ufe0f Notre objectif : pr\u00e9venir les contentieux et garantir la stabilit\u00e9 juridique de vos locaux d\u2019exploitation, vous conseiller et vous assister dans [&hellip;]<\/p>\n","protected":false},"author":2,"featured_media":0,"parent":0,"menu_order":0,"comment_status":"closed","ping_status":"closed","template":"","meta":{"_acf_changed":false,"_oxygen_hide_in_design_set":false,"_oxygen_tags":"","footnotes":""},"class_list":["post-143","page","type-page","status-publish","hentry"],"acf":[],"_links":{"self":[{"href":"http:\/\/54vhavocats.com\/staging\/wp-json\/wp\/v2\/pages\/143","targetHints":{"allow":["GET"]}}],"collection":[{"href":"http:\/\/54vhavocats.com\/staging\/wp-json\/wp\/v2\/pages"}],"about":[{"href":"http:\/\/54vhavocats.com\/staging\/wp-json\/wp\/v2\/types\/page"}],"author":[{"embeddable":true,"href":"http:\/\/54vhavocats.com\/staging\/wp-json\/wp\/v2\/users\/2"}],"replies":[{"embeddable":true,"href":"http:\/\/54vhavocats.com\/staging\/wp-json\/wp\/v2\/comments?post=143"}],"version-history":[{"count":6,"href":"http:\/\/54vhavocats.com\/staging\/wp-json\/wp\/v2\/pages\/143\/revisions"}],"predecessor-version":[{"id":174,"href":"http:\/\/54vhavocats.com\/staging\/wp-json\/wp\/v2\/pages\/143\/revisions\/174"}],"wp:attachment":[{"href":"http:\/\/54vhavocats.com\/staging\/wp-json\/wp\/v2\/media?parent=143"}],"curies":[{"name":"wp","href":"https:\/\/api.w.org\/{rel}","templated":true}]}}