{"id":140,"date":"2025-12-30T13:46:12","date_gmt":"2025-12-30T13:46:12","guid":{"rendered":"http:\/\/54vhavocats.com\/staging\/?page_id=140"},"modified":"2026-03-13T13:31:50","modified_gmt":"2026-03-13T13:31:50","slug":"fiscalite","status":"publish","type":"page","link":"http:\/\/54vhavocats.com\/staging\/fiscalite\/","title":{"rendered":"Fiscalit\u00e9"},"content":{"rendered":"<div class=\"oxy-container-140-100 oxy-container section header\"><img decoding=\"async\" class=\"oxy-image-140-101 oxy-image header-bg\" src=\"http:\/\/54vhavocats.com\/staging\/wp-content\/uploads\/2025\/12\/pawel-czerwinski-FTkp4sD5Gpo-unsplash-scaled.jpg\" loading=\"lazy\" srcset=\"https:\/\/54vhavocats.com\/staging\/wp-content\/uploads\/2025\/12\/pawel-czerwinski-FTkp4sD5Gpo-unsplash-scaled.jpg 2560w, https:\/\/54vhavocats.com\/staging\/wp-content\/uploads\/2025\/12\/pawel-czerwinski-FTkp4sD5Gpo-unsplash-300x200.jpg 300w, https:\/\/54vhavocats.com\/staging\/wp-content\/uploads\/2025\/12\/pawel-czerwinski-FTkp4sD5Gpo-unsplash-1024x683.jpg 1024w, https:\/\/54vhavocats.com\/staging\/wp-content\/uploads\/2025\/12\/pawel-czerwinski-FTkp4sD5Gpo-unsplash-768x512.jpg 768w, https:\/\/54vhavocats.com\/staging\/wp-content\/uploads\/2025\/12\/pawel-czerwinski-FTkp4sD5Gpo-unsplash-1536x1024.jpg 1536w, https:\/\/54vhavocats.com\/staging\/wp-content\/uploads\/2025\/12\/pawel-czerwinski-FTkp4sD5Gpo-unsplash-2048x1365.jpg 2048w\" sizes=\"(max-width: 2560px) 100vw, 2560px\"><div class=\"oxy-container-140-102 oxy-container container\"><div class=\"oxy-container-140-103 oxy-container h1-wrapper\"><a class=\"oxy-container-link-140-104 oxy-container-link cta-light\" href=\"http:\/\/54vhavocats.com\/staging\/expertises\/\" target=\"_self\"><div class=\"oxy-svg-icon-140-105 oxy-svg-icon\">\n<svg xmlns=\"http:\/\/www.w3.org\/2000\/svg\" id=\"icon-arrow-left2\" viewBox=\"0 0 32 32\">\n<path d=\"M12.586 27.414l-10-10c-0.781-0.781-0.781-2.047 0-2.828l10-10c0.781-0.781 2.047-0.781 2.828 0s0.781 2.047 0 2.828l-6.586 6.586h19.172c1.105 0 2 0.895 2 2s-0.895 2-2 2h-19.172l6.586 6.586c0.39 0.39 0.586 0.902 0.586 1.414s-0.195 1.024-0.586 1.414c-0.781 0.781-2.047 0.781-2.828 0z\"\/>\n<\/svg>\n<\/div><div class=\"oxy-text-140-106 oxy-text\">\nRetour aux expertises\n<\/div><\/a><h1 class=\"oxy-text-140-107 oxy-text h2\">\nFiscalit\u00e9\n<\/h1><\/div><\/div><\/div><div class=\"oxy-container-140-108 oxy-container section\"><div class=\"oxy-container-140-109 oxy-container container mb-md\"><div class=\"oxy-container-140-110 oxy-container h2-wrapper left\"><div class=\"oxy-text-140-111 oxy-text subheader\">\nnotre savoir faire\n<\/div><h2 class=\"oxy-text-140-112 oxy-text h2\">\nUne approche strat\u00e9gique et pragmatique de la fiscalit\u00e9\n<\/h2><\/div><\/div><div class=\"oxy-container-140-113 oxy-container container mb-lg\"><div class=\"oxy-container-140-114 oxy-container flex-col\"><div class=\"oxy-container-140-115 oxy-container grow\"><div class=\"oxy-container-140-116 oxy-container\"><div class=\"oxy-rich-text-140-117 oxy-rich-text\">\n<p><span style=\"font-weight: 400;\">Le cabinet propose un accompagnement fiscal sur mesure pour les <\/span><b>entrepreneurs et dirigeants<\/b><span style=\"font-weight: 400;\">, en veillant \u00e0 la conformit\u00e9 et \u00e0 l\u2019optimisation de leurs op\u00e9rations.<\/span><\/p>\n<p><span style=\"font-weight: 400;\">\u27a1\ufe0f <\/span><span style=\"font-weight: 400;\">Une fiscalit\u00e9 ma\u00eetris\u00e9e est une condition essentielle \u00e0 la p\u00e9rennit\u00e9 de votre activit\u00e9.<\/span><\/p>\n<\/div><\/div><\/div><div class=\"oxy-container-140-118 oxy-container button-wrapper shrink\"><a class=\"oxy-container-link-140-119 oxy-container-link button\" target=\"_self\"><div class=\"oxy-text-140-120 oxy-text button-text\">\nNous contacter\n<\/div><\/a><\/div><\/div><\/div><div class=\"oxy-container-140-121 oxy-container container mb-md\"><div class=\"oxy-container-140-122 oxy-container grid-2\"><div class=\"oxy-container-140-123 oxy-container main-text-wrapper\"><div class=\"oxy-container-140-124 oxy-container main-text\"><div class=\"oxy-html-code-140-125 oxy-html-code hor-line\">\n<svg width=\"6\" height=\"auto\" viewBox=\"0 0 6 auto\" fill=\"none\" xmlns=\"http:\/\/www.w3.org\/2000\/svg\">\n<line x1=\"3\" y1=\"1.31134e-07\" x2=\"2.99998\" y2=\"350\" stroke=\"#174249\" stroke-width=\"6\"\/>\n<\/svg>\n\n<\/div><div class=\"oxy-container-140-126 oxy-container text-wrapper\"><h3 class=\"oxy-text-140-127 oxy-text h3\">\nChoix des statuts fiscaux\n<\/h3><div class=\"oxy-text-140-128 oxy-text\">\nNous vous conseillons dans les options fiscales afin qu'elles soient les\u00a0plus adapt\u00e9es \u00e0 votre situation.\n<\/div><\/div><\/div><div class=\"oxy-container-140-129 oxy-container main-text\"><div class=\"oxy-html-code-140-130 oxy-html-code hor-line\">\n<svg width=\"6\" height=\"auto\" viewBox=\"0 0 6 auto\" fill=\"none\" xmlns=\"http:\/\/www.w3.org\/2000\/svg\">\n<line x1=\"3\" y1=\"1.31134e-07\" x2=\"2.99998\" y2=\"350\" stroke=\"#174249\" stroke-width=\"6\"\/>\n<\/svg>\n\n<\/div><div class=\"oxy-container-140-131 oxy-container text-wrapper\"><h3 class=\"oxy-text-140-132 oxy-text h3\">\nD\u00e9claration IFI\n<\/h3><div class=\"oxy-text-140-133 oxy-text\">\nAccompagnement complet, calcul de la base taxable, optimisation des d\u00e9clarations\n<\/div><\/div><\/div><div class=\"oxy-container-140-134 oxy-container main-text\"><div class=\"oxy-html-code-140-135 oxy-html-code hor-line\">\n<svg width=\"6\" height=\"auto\" viewBox=\"0 0 6 auto\" fill=\"none\" xmlns=\"http:\/\/www.w3.org\/2000\/svg\">\n<line x1=\"3\" y1=\"1.31134e-07\" x2=\"2.99998\" y2=\"350\" stroke=\"#174249\" stroke-width=\"6\"\/>\n<\/svg>\n\n<\/div><\/div><\/div><div class=\"oxy-container-140-139 oxy-container main-text-wrapper\"><div class=\"oxy-container-140-140 oxy-container main-text\"><div class=\"oxy-html-code-140-141 oxy-html-code hor-line\">\n<svg width=\"6\" height=\"auto\" viewBox=\"0 0 6 auto\" fill=\"none\" xmlns=\"http:\/\/www.w3.org\/2000\/svg\">\n<line x1=\"3\" y1=\"1.31134e-07\" x2=\"2.99998\" y2=\"350\" stroke=\"#174249\" stroke-width=\"6\"\/>\n<\/svg>\n\n<\/div><div class=\"oxy-container-140-142 oxy-container text-wrapper\"><h3 class=\"oxy-text-140-143 oxy-text h3\">\n\u00c9valuation immobili\u00e8re\n<\/h3><div class=\"oxy-text-140-144 oxy-text\">\nL'\u00e9valuation immobilli\u00e8re est essentielle dans le cadre d\u2019op\u00e9rations patrimoniales ou de restructuration d\u2019entreprise.\n<\/div><\/div><\/div><div class=\"oxy-container-140-150 oxy-container main-text\"><div class=\"oxy-html-code-140-151 oxy-html-code hor-line\">\n<svg width=\"6\" height=\"auto\" viewBox=\"0 0 6 auto\" fill=\"none\" xmlns=\"http:\/\/www.w3.org\/2000\/svg\">\n<line x1=\"3\" y1=\"1.31134e-07\" x2=\"2.99998\" y2=\"350\" stroke=\"#174249\" stroke-width=\"6\"\/>\n<\/svg>\n\n<\/div><div class=\"oxy-container-140-152 oxy-container text-wrapper\"><h3 class=\"oxy-text-140-153 oxy-text h3\">\nContentieux fiscal\n<\/h3><div class=\"oxy-text-140-154 oxy-text\">\nNous vous accompagnons en cas de contr\u00f4le fiscal\n<\/div><\/div><\/div><\/div><\/div><\/div><div class=\"oxy-container-140-155 oxy-container container\"><div class=\"oxy-container-140-156 oxy-container int-link\"><h2 class=\"oxy-text-140-157 oxy-text h2 text-center\">\nD\u00e9couvrez nos autres services\n<\/h2><div class=\"oxy-container-140-158 oxy-container flex-col small\"><a class=\"oxy-container-link-140-159 oxy-container-link link-card\" target=\"_self\"><img decoding=\"async\" class=\"oxy-image-140-160 oxy-image card-img\" src=\"http:\/\/54vhavocats.com\/staging\/wp-content\/uploads\/2025\/12\/pawel-czerwinski-FTkp4sD5Gpo-unsplash-scaled.jpg\" loading=\"lazy\" srcset=\"http:\/\/54vhavocats.com\/staging\/wp-content\/uploads\/2025\/12\/pawel-czerwinski-FTkp4sD5Gpo-unsplash-scaled.jpg 2560w, http:\/\/54vhavocats.com\/staging\/wp-content\/uploads\/2025\/12\/pawel-czerwinski-FTkp4sD5Gpo-unsplash-300x200.jpg 300w, http:\/\/54vhavocats.com\/staging\/wp-content\/uploads\/2025\/12\/pawel-czerwinski-FTkp4sD5Gpo-unsplash-1024x683.jpg 1024w, http:\/\/54vhavocats.com\/staging\/wp-content\/uploads\/2025\/12\/pawel-czerwinski-FTkp4sD5Gpo-unsplash-768x512.jpg 768w, http:\/\/54vhavocats.com\/staging\/wp-content\/uploads\/2025\/12\/pawel-czerwinski-FTkp4sD5Gpo-unsplash-1536x1024.jpg 1536w, http:\/\/54vhavocats.com\/staging\/wp-content\/uploads\/2025\/12\/pawel-czerwinski-FTkp4sD5Gpo-unsplash-2048x1365.jpg 2048w\" sizes=\"(max-width: 2560px) 100vw, 2560px\"><div class=\"oxy-container-140-161 oxy-container card-content\"><div class=\"oxy-text-140-162 oxy-text card-title\">\nFiscalit\u00e9\n<\/div><div class=\"oxy-text-140-163 oxy-text card-descr\">\nUne approche strat\u00e9gique et pragmatique de la fiscalit\u00e9\n<\/div><\/div><\/a><a class=\"oxy-container-link-140-164 oxy-container-link link-card\" target=\"_self\"><img decoding=\"async\" class=\"oxy-image-140-165 oxy-image card-img\" src=\"http:\/\/54vhavocats.com\/staging\/wp-content\/uploads\/2025\/12\/pawel-czerwinski-FTkp4sD5Gpo-unsplash-scaled.jpg\" loading=\"lazy\" srcset=\"http:\/\/54vhavocats.com\/staging\/wp-content\/uploads\/2025\/12\/pawel-czerwinski-FTkp4sD5Gpo-unsplash-scaled.jpg 2560w, http:\/\/54vhavocats.com\/staging\/wp-content\/uploads\/2025\/12\/pawel-czerwinski-FTkp4sD5Gpo-unsplash-300x200.jpg 300w, http:\/\/54vhavocats.com\/staging\/wp-content\/uploads\/2025\/12\/pawel-czerwinski-FTkp4sD5Gpo-unsplash-1024x683.jpg 1024w, http:\/\/54vhavocats.com\/staging\/wp-content\/uploads\/2025\/12\/pawel-czerwinski-FTkp4sD5Gpo-unsplash-768x512.jpg 768w, http:\/\/54vhavocats.com\/staging\/wp-content\/uploads\/2025\/12\/pawel-czerwinski-FTkp4sD5Gpo-unsplash-1536x1024.jpg 1536w, http:\/\/54vhavocats.com\/staging\/wp-content\/uploads\/2025\/12\/pawel-czerwinski-FTkp4sD5Gpo-unsplash-2048x1365.jpg 2048w\" sizes=\"(max-width: 2560px) 100vw, 2560px\"><div class=\"oxy-container-140-166 oxy-container card-content\"><div class=\"oxy-text-140-167 oxy-text card-title\">\nFiscalit\u00e9\n<\/div><div class=\"oxy-text-140-168 oxy-text card-descr\">\nUne approche strat\u00e9gique et pragmatique de la fiscalit\u00e9\n<\/div><\/div><\/a><\/div><\/div><\/div><\/div>","protected":false},"excerpt":{"rendered":"<p>Retour aux expertises Fiscalit\u00e9 notre savoir faire Une approche strat\u00e9gique et pragmatique de la fiscalit\u00e9 Le cabinet propose un accompagnement fiscal sur mesure pour les entrepreneurs et dirigeants, en veillant \u00e0 la conformit\u00e9 et \u00e0 l\u2019optimisation de leurs op\u00e9rations. \u27a1\ufe0f Une fiscalit\u00e9 ma\u00eetris\u00e9e est une condition essentielle \u00e0 la p\u00e9rennit\u00e9 de votre activit\u00e9. Nous contacter [&hellip;]<\/p>\n","protected":false},"author":2,"featured_media":0,"parent":0,"menu_order":0,"comment_status":"closed","ping_status":"closed","template":"","meta":{"_acf_changed":false,"_oxygen_hide_in_design_set":false,"_oxygen_tags":"","footnotes":""},"class_list":["post-140","page","type-page","status-publish","hentry"],"acf":[],"_links":{"self":[{"href":"http:\/\/54vhavocats.com\/staging\/wp-json\/wp\/v2\/pages\/140","targetHints":{"allow":["GET"]}}],"collection":[{"href":"http:\/\/54vhavocats.com\/staging\/wp-json\/wp\/v2\/pages"}],"about":[{"href":"http:\/\/54vhavocats.com\/staging\/wp-json\/wp\/v2\/types\/page"}],"author":[{"embeddable":true,"href":"http:\/\/54vhavocats.com\/staging\/wp-json\/wp\/v2\/users\/2"}],"replies":[{"embeddable":true,"href":"http:\/\/54vhavocats.com\/staging\/wp-json\/wp\/v2\/comments?post=140"}],"version-history":[{"count":5,"href":"http:\/\/54vhavocats.com\/staging\/wp-json\/wp\/v2\/pages\/140\/revisions"}],"predecessor-version":[{"id":206,"href":"http:\/\/54vhavocats.com\/staging\/wp-json\/wp\/v2\/pages\/140\/revisions\/206"}],"wp:attachment":[{"href":"http:\/\/54vhavocats.com\/staging\/wp-json\/wp\/v2\/media?parent=140"}],"curies":[{"name":"wp","href":"https:\/\/api.w.org\/{rel}","templated":true}]}}