{"id":13,"date":"2025-12-12T14:13:47","date_gmt":"2025-12-12T14:13:47","guid":{"rendered":"http:\/\/54vhavocats.com\/staging\/?page_id=13"},"modified":"2026-03-13T13:24:04","modified_gmt":"2026-03-13T13:24:04","slug":"expertises","status":"publish","type":"page","link":"http:\/\/54vhavocats.com\/staging\/expertises\/","title":{"rendered":"Expertises"},"content":{"rendered":"<div class=\"oxy-container-13-100 oxy-container section header\"><img decoding=\"async\" class=\"oxy-image-13-103 oxy-image header-bg\" src=\"http:\/\/54vhavocats.com\/staging\/wp-content\/uploads\/2025\/12\/pawel-czerwinski-FTkp4sD5Gpo-unsplash-scaled.jpg\" loading=\"lazy\" srcset=\"http:\/\/54vhavocats.com\/staging\/wp-content\/uploads\/2025\/12\/pawel-czerwinski-FTkp4sD5Gpo-unsplash-scaled.jpg 2560w, http:\/\/54vhavocats.com\/staging\/wp-content\/uploads\/2025\/12\/pawel-czerwinski-FTkp4sD5Gpo-unsplash-300x200.jpg 300w, http:\/\/54vhavocats.com\/staging\/wp-content\/uploads\/2025\/12\/pawel-czerwinski-FTkp4sD5Gpo-unsplash-1024x683.jpg 1024w, http:\/\/54vhavocats.com\/staging\/wp-content\/uploads\/2025\/12\/pawel-czerwinski-FTkp4sD5Gpo-unsplash-768x512.jpg 768w, http:\/\/54vhavocats.com\/staging\/wp-content\/uploads\/2025\/12\/pawel-czerwinski-FTkp4sD5Gpo-unsplash-1536x1024.jpg 1536w, http:\/\/54vhavocats.com\/staging\/wp-content\/uploads\/2025\/12\/pawel-czerwinski-FTkp4sD5Gpo-unsplash-2048x1365.jpg 2048w\" sizes=\"(max-width: 2560px) 100vw, 2560px\"><div class=\"oxy-container-13-101 oxy-container container\"><div class=\"oxy-container-13-106 oxy-container h1-wrapper\"><h1 class=\"oxy-text-13-104 oxy-text\">\nExpertises\n<\/h1><div class=\"oxy-text-13-105 oxy-text\">\nLorem ipsum dolor sit amet, consectetur adipiscing elit. Suspendisse varius elementum tristique. Duis cursus, mi quis viverra ut commodo diam libero vitae erat.\n<\/div><\/div><\/div><\/div><div class=\"oxy-container-13-108 oxy-container section\"><div class=\"oxy-container-13-109 oxy-container container mb-lg\"><div class=\"oxy-container-13-110 oxy-container h2-wrapper text-center\"><div class=\"oxy-text-13-111 oxy-text subheader\">\nune multitude de comp\u00e9tences \u00e0 votre disposition\n<\/div><h2 class=\"oxy-text-13-112 oxy-text\">\nD\u00e9couvrez nos expertises juridiques\n<\/h2><div class=\"oxy-text-13-113 oxy-text\">\nLorem ipsum dolor sit amet, consectetur adipiscing elit. Suspendisse varius elementum tristique. Duis cursus, mi quis viverra ut commodo diam libero vitae erat.\n<\/div><\/div><\/div><div class=\"oxy-container-13-114 oxy-container container\"><div class=\"oxy-container-13-115 oxy-container grid-2\"><a class=\"oxy-container-link-13-163 oxy-container-link list-card\" href=\"http:\/\/54vhavocats.com\/staging\/droit-des-societes\/\" target=\"_self\"><div class=\"oxy-container-13-164 oxy-container list-card-left\"><img decoding=\"async\" class=\"oxy-image-13-165 oxy-image img\" src=\"http:\/\/54vhavocats.com\/staging\/wp-content\/uploads\/2025\/12\/scott-webb-ApYVKHHTLqE-unsplash-scaled.jpg\" loading=\"lazy\" srcset=\"https:\/\/54vhavocats.com\/staging\/wp-content\/uploads\/2025\/12\/scott-webb-ApYVKHHTLqE-unsplash-scaled.jpg 2560w, https:\/\/54vhavocats.com\/staging\/wp-content\/uploads\/2025\/12\/scott-webb-ApYVKHHTLqE-unsplash-300x200.jpg 300w, https:\/\/54vhavocats.com\/staging\/wp-content\/uploads\/2025\/12\/scott-webb-ApYVKHHTLqE-unsplash-1024x683.jpg 1024w, https:\/\/54vhavocats.com\/staging\/wp-content\/uploads\/2025\/12\/scott-webb-ApYVKHHTLqE-unsplash-768x512.jpg 768w, https:\/\/54vhavocats.com\/staging\/wp-content\/uploads\/2025\/12\/scott-webb-ApYVKHHTLqE-unsplash-1536x1025.jpg 1536w, https:\/\/54vhavocats.com\/staging\/wp-content\/uploads\/2025\/12\/scott-webb-ApYVKHHTLqE-unsplash-2048x1366.jpg 2048w\" sizes=\"(max-width: 2560px) 100vw, 2560px\"><\/div><div class=\"oxy-container-13-172 oxy-container list-card-right grow\"><div class=\"oxy-container-13-166 oxy-container list-card-text-wrapper grow\"><div class=\"oxy-text-13-167 oxy-text card-title\">\nDroit des soci\u00e9t\u00e9s corporate\n<\/div><div class=\"oxy-text-13-168 oxy-text card-descr\">\nAccompagner chaque \u00e9tape de la vie de votre entreprise\n<\/div><\/div><div class=\"oxy-container-13-169 oxy-container cta-light\"><div class=\"oxy-text-13-170 oxy-text\">\nEn savoir plus\n<\/div><div class=\"oxy-svg-icon-13-171 oxy-svg-icon\">\n<svg xmlns=\"http:\/\/www.w3.org\/2000\/svg\" viewBox=\"0 0 448 512\"><!--! Font Awesome Free 6.5.1 by @fontawesome - https:\/\/fontawesome.com License - https:\/\/fontawesome.com\/license\/free (Icons: CC BY 4.0, Fonts: SIL OFL 1.1, Code: MIT License) Copyright 2023 Fonticons, Inc. --><path d=\"M438.6 278.6c12.5-12.5 12.5-32.8 0-45.3l-160-160c-12.5-12.5-32.8-12.5-45.3 0s-12.5 32.8 0 45.3L338.8 224 32 224c-17.7 0-32 14.3-32 32s14.3 32 32 32l306.7 0L233.4 393.4c-12.5 12.5-12.5 32.8 0 45.3s32.8 12.5 45.3 0l160-160z\"\/><\/svg>\n<\/div><\/div><\/div><\/a><a class=\"oxy-container-link-13-173 oxy-container-link list-card\" href=\"http:\/\/54vhavocats.com\/staging\/fusions-acquisitions\/\" target=\"_self\"><div class=\"oxy-container-13-174 oxy-container list-card-left\"><img decoding=\"async\" class=\"oxy-image-13-175 oxy-image img\" src=\"http:\/\/54vhavocats.com\/staging\/wp-content\/uploads\/2025\/12\/pawel-czerwinski-pRSHSA2H_QU-unsplash-scaled.jpg\" loading=\"lazy\" srcset=\"https:\/\/54vhavocats.com\/staging\/wp-content\/uploads\/2025\/12\/pawel-czerwinski-pRSHSA2H_QU-unsplash-scaled.jpg 2560w, https:\/\/54vhavocats.com\/staging\/wp-content\/uploads\/2025\/12\/pawel-czerwinski-pRSHSA2H_QU-unsplash-300x200.jpg 300w, https:\/\/54vhavocats.com\/staging\/wp-content\/uploads\/2025\/12\/pawel-czerwinski-pRSHSA2H_QU-unsplash-1024x683.jpg 1024w, https:\/\/54vhavocats.com\/staging\/wp-content\/uploads\/2025\/12\/pawel-czerwinski-pRSHSA2H_QU-unsplash-768x512.jpg 768w, https:\/\/54vhavocats.com\/staging\/wp-content\/uploads\/2025\/12\/pawel-czerwinski-pRSHSA2H_QU-unsplash-1536x1024.jpg 1536w, https:\/\/54vhavocats.com\/staging\/wp-content\/uploads\/2025\/12\/pawel-czerwinski-pRSHSA2H_QU-unsplash-2048x1365.jpg 2048w\" sizes=\"(max-width: 2560px) 100vw, 2560px\"><\/div><div class=\"oxy-container-13-176 oxy-container list-card-right grow\"><div class=\"oxy-container-13-177 oxy-container list-card-text-wrapper grow\"><div class=\"oxy-text-13-178 oxy-text card-title\">\nFusion & Acquisitions\n<\/div><div class=\"oxy-text-13-179 oxy-text card-descr\">\nStructurer et s\u00e9curiser vos op\u00e9rations strat\u00e9giques\n<\/div><\/div><div class=\"oxy-container-13-180 oxy-container cta-light\"><div class=\"oxy-text-13-181 oxy-text\">\nEn savoir plus\n<\/div><div class=\"oxy-svg-icon-13-182 oxy-svg-icon\">\n<svg xmlns=\"http:\/\/www.w3.org\/2000\/svg\" viewBox=\"0 0 448 512\"><!--! Font Awesome Free 6.5.1 by @fontawesome - https:\/\/fontawesome.com License - https:\/\/fontawesome.com\/license\/free (Icons: CC BY 4.0, Fonts: SIL OFL 1.1, Code: MIT License) Copyright 2023 Fonticons, Inc. --><path d=\"M438.6 278.6c12.5-12.5 12.5-32.8 0-45.3l-160-160c-12.5-12.5-32.8-12.5-45.3 0s-12.5 32.8 0 45.3L338.8 224 32 224c-17.7 0-32 14.3-32 32s14.3 32 32 32l306.7 0L233.4 393.4c-12.5 12.5-12.5 32.8 0 45.3s32.8 12.5 45.3 0l160-160z\"\/><\/svg>\n<\/div><\/div><\/div><\/a><a class=\"oxy-container-link-13-193 oxy-container-link list-card\" href=\"http:\/\/54vhavocats.com\/staging\/societes-civiles-patrimoniales\/\" target=\"_self\"><div class=\"oxy-container-13-194 oxy-container list-card-left\"><img decoding=\"async\" class=\"oxy-image-13-195 oxy-image img\" src=\"http:\/\/54vhavocats.com\/staging\/wp-content\/uploads\/2025\/12\/pawel-czerwinski-OG-fruQOi3g-unsplash-scaled.jpg\" loading=\"lazy\" srcset=\"https:\/\/54vhavocats.com\/staging\/wp-content\/uploads\/2025\/12\/pawel-czerwinski-OG-fruQOi3g-unsplash-scaled.jpg 2560w, https:\/\/54vhavocats.com\/staging\/wp-content\/uploads\/2025\/12\/pawel-czerwinski-OG-fruQOi3g-unsplash-300x200.jpg 300w, https:\/\/54vhavocats.com\/staging\/wp-content\/uploads\/2025\/12\/pawel-czerwinski-OG-fruQOi3g-unsplash-1024x683.jpg 1024w, https:\/\/54vhavocats.com\/staging\/wp-content\/uploads\/2025\/12\/pawel-czerwinski-OG-fruQOi3g-unsplash-768x512.jpg 768w, https:\/\/54vhavocats.com\/staging\/wp-content\/uploads\/2025\/12\/pawel-czerwinski-OG-fruQOi3g-unsplash-1536x1024.jpg 1536w, https:\/\/54vhavocats.com\/staging\/wp-content\/uploads\/2025\/12\/pawel-czerwinski-OG-fruQOi3g-unsplash-2048x1365.jpg 2048w\" sizes=\"(max-width: 2560px) 100vw, 2560px\"><\/div><div class=\"oxy-container-13-196 oxy-container list-card-right grow\"><div class=\"oxy-container-13-197 oxy-container list-card-text-wrapper grow\"><div class=\"oxy-text-13-198 oxy-text card-title\">\nSoci\u00e9t\u00e9s civiles patrimoniales\n<\/div><div class=\"oxy-text-13-199 oxy-text card-descr\">\nStructurer et transmettre votre patrimoine\n<\/div><\/div><div class=\"oxy-container-13-200 oxy-container cta-light\"><div class=\"oxy-text-13-201 oxy-text\">\nEn savoir plus\n<\/div><div class=\"oxy-svg-icon-13-202 oxy-svg-icon\">\n<svg xmlns=\"http:\/\/www.w3.org\/2000\/svg\" viewBox=\"0 0 448 512\"><!--! Font Awesome Free 6.5.1 by @fontawesome - https:\/\/fontawesome.com License - https:\/\/fontawesome.com\/license\/free (Icons: CC BY 4.0, Fonts: SIL OFL 1.1, Code: MIT License) Copyright 2023 Fonticons, Inc. --><path d=\"M438.6 278.6c12.5-12.5 12.5-32.8 0-45.3l-160-160c-12.5-12.5-32.8-12.5-45.3 0s-12.5 32.8 0 45.3L338.8 224 32 224c-17.7 0-32 14.3-32 32s14.3 32 32 32l306.7 0L233.4 393.4c-12.5 12.5-12.5 32.8 0 45.3s32.8 12.5 45.3 0l160-160z\"\/><\/svg>\n<\/div><\/div><\/div><\/a><a class=\"oxy-container-link-13-203 oxy-container-link list-card\" href=\"http:\/\/54vhavocats.com\/staging\/fiscalite\/\" target=\"_self\"><div class=\"oxy-container-13-204 oxy-container list-card-left\"><img decoding=\"async\" class=\"oxy-image-13-205 oxy-image img\" src=\"http:\/\/54vhavocats.com\/staging\/wp-content\/uploads\/2025\/12\/pawel-czerwinski-FTkp4sD5Gpo-unsplash-scaled.jpg\" loading=\"lazy\" srcset=\"https:\/\/54vhavocats.com\/staging\/wp-content\/uploads\/2025\/12\/pawel-czerwinski-FTkp4sD5Gpo-unsplash-scaled.jpg 2560w, https:\/\/54vhavocats.com\/staging\/wp-content\/uploads\/2025\/12\/pawel-czerwinski-FTkp4sD5Gpo-unsplash-300x200.jpg 300w, https:\/\/54vhavocats.com\/staging\/wp-content\/uploads\/2025\/12\/pawel-czerwinski-FTkp4sD5Gpo-unsplash-1024x683.jpg 1024w, https:\/\/54vhavocats.com\/staging\/wp-content\/uploads\/2025\/12\/pawel-czerwinski-FTkp4sD5Gpo-unsplash-768x512.jpg 768w, https:\/\/54vhavocats.com\/staging\/wp-content\/uploads\/2025\/12\/pawel-czerwinski-FTkp4sD5Gpo-unsplash-1536x1024.jpg 1536w, https:\/\/54vhavocats.com\/staging\/wp-content\/uploads\/2025\/12\/pawel-czerwinski-FTkp4sD5Gpo-unsplash-2048x1365.jpg 2048w\" sizes=\"(max-width: 2560px) 100vw, 2560px\"><\/div><div class=\"oxy-container-13-206 oxy-container list-card-right grow\"><div class=\"oxy-container-13-207 oxy-container list-card-text-wrapper grow\"><div class=\"oxy-text-13-208 oxy-text card-title\">\nFiscalit\u00e9\n<\/div><div class=\"oxy-text-13-209 oxy-text card-descr\">\nUne approche strat\u00e9gique et pragmatique de la fiscalit\u00e9\n<\/div><\/div><div class=\"oxy-container-13-210 oxy-container cta-light\"><div class=\"oxy-text-13-211 oxy-text\">\nEn savoir plus\n<\/div><div class=\"oxy-svg-icon-13-212 oxy-svg-icon\">\n<svg xmlns=\"http:\/\/www.w3.org\/2000\/svg\" viewBox=\"0 0 448 512\"><!--! Font Awesome Free 6.5.1 by @fontawesome - https:\/\/fontawesome.com License - https:\/\/fontawesome.com\/license\/free (Icons: CC BY 4.0, Fonts: SIL OFL 1.1, Code: MIT License) Copyright 2023 Fonticons, Inc. --><path d=\"M438.6 278.6c12.5-12.5 12.5-32.8 0-45.3l-160-160c-12.5-12.5-32.8-12.5-45.3 0s-12.5 32.8 0 45.3L338.8 224 32 224c-17.7 0-32 14.3-32 32s14.3 32 32 32l306.7 0L233.4 393.4c-12.5 12.5-12.5 32.8 0 45.3s32.8 12.5 45.3 0l160-160z\"\/><\/svg>\n<\/div><\/div><\/div><\/a><a class=\"oxy-container-link-13-213 oxy-container-link list-card\" href=\"http:\/\/54vhavocats.com\/staging\/baux-commerciaux\/\" target=\"_self\"><div class=\"oxy-container-13-214 oxy-container list-card-left\"><img decoding=\"async\" class=\"oxy-image-13-215 oxy-image img\" src=\"http:\/\/54vhavocats.com\/staging\/wp-content\/uploads\/2025\/12\/pawel-czerwinski-2cetJ1IFOOs-unsplash-scaled.jpg\" loading=\"lazy\" srcset=\"https:\/\/54vhavocats.com\/staging\/wp-content\/uploads\/2025\/12\/pawel-czerwinski-2cetJ1IFOOs-unsplash-scaled.jpg 2560w, https:\/\/54vhavocats.com\/staging\/wp-content\/uploads\/2025\/12\/pawel-czerwinski-2cetJ1IFOOs-unsplash-300x200.jpg 300w, https:\/\/54vhavocats.com\/staging\/wp-content\/uploads\/2025\/12\/pawel-czerwinski-2cetJ1IFOOs-unsplash-1024x683.jpg 1024w, https:\/\/54vhavocats.com\/staging\/wp-content\/uploads\/2025\/12\/pawel-czerwinski-2cetJ1IFOOs-unsplash-768x512.jpg 768w\" sizes=\"(max-width: 2560px) 100vw, 2560px\"><\/div><div class=\"oxy-container-13-216 oxy-container list-card-right grow\"><div class=\"oxy-container-13-217 oxy-container list-card-text-wrapper grow\"><div class=\"oxy-text-13-218 oxy-text card-title\">\nBaux commerciaux\n<\/div><div class=\"oxy-text-13-219 oxy-text card-descr\">\nS\u00e9curiser vos relations locatives professionnelles\n<\/div><\/div><div class=\"oxy-container-13-220 oxy-container cta-light\"><div class=\"oxy-text-13-221 oxy-text\">\nEn savoir plus\n<\/div><div class=\"oxy-svg-icon-13-222 oxy-svg-icon\">\n<svg xmlns=\"http:\/\/www.w3.org\/2000\/svg\" viewBox=\"0 0 448 512\"><!--! Font Awesome Free 6.5.1 by @fontawesome - https:\/\/fontawesome.com License - https:\/\/fontawesome.com\/license\/free (Icons: CC BY 4.0, Fonts: SIL OFL 1.1, Code: MIT License) Copyright 2023 Fonticons, Inc. --><path d=\"M438.6 278.6c12.5-12.5 12.5-32.8 0-45.3l-160-160c-12.5-12.5-32.8-12.5-45.3 0s-12.5 32.8 0 45.3L338.8 224 32 224c-17.7 0-32 14.3-32 32s14.3 32 32 32l306.7 0L233.4 393.4c-12.5 12.5-12.5 32.8 0 45.3s32.8 12.5 45.3 0l160-160z\"\/><\/svg>\n<\/div><\/div><\/div><\/a><a class=\"oxy-container-link-13-223 oxy-container-link list-card\" href=\"http:\/\/54vhavocats.com\/staging\/contentieux-commercial\/\" target=\"_self\"><div class=\"oxy-container-13-224 oxy-container list-card-left\"><img decoding=\"async\" class=\"oxy-image-13-225 oxy-image img\" src=\"http:\/\/54vhavocats.com\/staging\/wp-content\/uploads\/2025\/12\/solen-feyissa-bg6keHKDf4A-unsplash-scaled.jpg\" loading=\"lazy\" srcset=\"https:\/\/54vhavocats.com\/staging\/wp-content\/uploads\/2025\/12\/solen-feyissa-bg6keHKDf4A-unsplash-scaled.jpg 1707w, https:\/\/54vhavocats.com\/staging\/wp-content\/uploads\/2025\/12\/solen-feyissa-bg6keHKDf4A-unsplash-200x300.jpg 200w, https:\/\/54vhavocats.com\/staging\/wp-content\/uploads\/2025\/12\/solen-feyissa-bg6keHKDf4A-unsplash-683x1024.jpg 683w, https:\/\/54vhavocats.com\/staging\/wp-content\/uploads\/2025\/12\/solen-feyissa-bg6keHKDf4A-unsplash-768x1152.jpg 768w, https:\/\/54vhavocats.com\/staging\/wp-content\/uploads\/2025\/12\/solen-feyissa-bg6keHKDf4A-unsplash-1024x1536.jpg 1024w, https:\/\/54vhavocats.com\/staging\/wp-content\/uploads\/2025\/12\/solen-feyissa-bg6keHKDf4A-unsplash-1365x2048.jpg 1365w\" sizes=\"(max-width: 1707px) 100vw, 1707px\"><\/div><div class=\"oxy-container-13-226 oxy-container list-card-right grow\"><div class=\"oxy-container-13-227 oxy-container list-card-text-wrapper grow\"><div class=\"oxy-text-13-228 oxy-text card-title\">\nContentieux commercial\n<\/div><div class=\"oxy-text-13-229 oxy-text card-descr\">\nD\u00e9fendre vos int\u00e9r\u00eats avec rigueur et r\u00e9activit\u00e9\n<\/div><\/div><div class=\"oxy-container-13-230 oxy-container cta-light\"><div class=\"oxy-text-13-231 oxy-text\">\nEn savoir plus\n<\/div><div class=\"oxy-svg-icon-13-232 oxy-svg-icon\">\n<svg xmlns=\"http:\/\/www.w3.org\/2000\/svg\" viewBox=\"0 0 448 512\"><!--! Font Awesome Free 6.5.1 by @fontawesome - https:\/\/fontawesome.com License - https:\/\/fontawesome.com\/license\/free (Icons: CC BY 4.0, Fonts: SIL OFL 1.1, Code: MIT License) Copyright 2023 Fonticons, Inc. --><path d=\"M438.6 278.6c12.5-12.5 12.5-32.8 0-45.3l-160-160c-12.5-12.5-32.8-12.5-45.3 0s-12.5 32.8 0 45.3L338.8 224 32 224c-17.7 0-32 14.3-32 32s14.3 32 32 32l306.7 0L233.4 393.4c-12.5 12.5-12.5 32.8 0 45.3s32.8 12.5 45.3 0l160-160z\"\/><\/svg>\n<\/div><\/div><\/div><\/a><a class=\"oxy-container-link-13-233 oxy-container-link list-card\" href=\"http:\/\/54vhavocats.com\/staging\/procedures-collectives\/\" target=\"_self\"><div class=\"oxy-container-13-234 oxy-container list-card-left\"><img decoding=\"async\" class=\"oxy-image-13-235 oxy-image img\" src=\"http:\/\/54vhavocats.com\/staging\/wp-content\/uploads\/2025\/12\/pawel-czerwinski-aNN7cWjfiqM-unsplash-scaled.jpg\" loading=\"lazy\" srcset=\"https:\/\/54vhavocats.com\/staging\/wp-content\/uploads\/2025\/12\/pawel-czerwinski-aNN7cWjfiqM-unsplash-scaled.jpg 2560w, https:\/\/54vhavocats.com\/staging\/wp-content\/uploads\/2025\/12\/pawel-czerwinski-aNN7cWjfiqM-unsplash-300x200.jpg 300w, https:\/\/54vhavocats.com\/staging\/wp-content\/uploads\/2025\/12\/pawel-czerwinski-aNN7cWjfiqM-unsplash-1024x683.jpg 1024w, https:\/\/54vhavocats.com\/staging\/wp-content\/uploads\/2025\/12\/pawel-czerwinski-aNN7cWjfiqM-unsplash-768x512.jpg 768w, https:\/\/54vhavocats.com\/staging\/wp-content\/uploads\/2025\/12\/pawel-czerwinski-aNN7cWjfiqM-unsplash-1536x1024.jpg 1536w, https:\/\/54vhavocats.com\/staging\/wp-content\/uploads\/2025\/12\/pawel-czerwinski-aNN7cWjfiqM-unsplash-2048x1365.jpg 2048w\" sizes=\"(max-width: 2560px) 100vw, 2560px\"><\/div><div class=\"oxy-container-13-236 oxy-container list-card-right grow\"><div class=\"oxy-container-13-237 oxy-container list-card-text-wrapper grow\"><div class=\"oxy-text-13-238 oxy-text card-title\">\nProc\u00e9dures collectives\n<\/div><div class=\"oxy-text-13-239 oxy-text card-descr\">\nAnticiper et g\u00e9rer les difficult\u00e9s financi\u00e8res\n<\/div><\/div><div class=\"oxy-container-13-240 oxy-container cta-light\"><div class=\"oxy-text-13-241 oxy-text\">\nEn savoir plus\n<\/div><div class=\"oxy-svg-icon-13-242 oxy-svg-icon\">\n<svg xmlns=\"http:\/\/www.w3.org\/2000\/svg\" viewBox=\"0 0 448 512\"><!--! Font Awesome Free 6.5.1 by @fontawesome - https:\/\/fontawesome.com License - https:\/\/fontawesome.com\/license\/free (Icons: CC BY 4.0, Fonts: SIL OFL 1.1, Code: MIT License) Copyright 2023 Fonticons, Inc. --><path d=\"M438.6 278.6c12.5-12.5 12.5-32.8 0-45.3l-160-160c-12.5-12.5-32.8-12.5-45.3 0s-12.5 32.8 0 45.3L338.8 224 32 224c-17.7 0-32 14.3-32 32s14.3 32 32 32l306.7 0L233.4 393.4c-12.5 12.5-12.5 32.8 0 45.3s32.8 12.5 45.3 0l160-160z\"\/><\/svg>\n<\/div><\/div><\/div><\/a><a class=\"oxy-container-link-13-243 oxy-container-link list-card\" href=\"http:\/\/54vhavocats.com\/staging\/mediation\/\" target=\"_self\"><div class=\"oxy-container-13-244 oxy-container list-card-left\"><img decoding=\"async\" class=\"oxy-image-13-245 oxy-image img\" src=\"http:\/\/54vhavocats.com\/staging\/wp-content\/uploads\/2025\/12\/pawel-czerwinski-_ePJEC-R0q4-unsplash-scaled.jpg\" loading=\"lazy\" srcset=\"https:\/\/54vhavocats.com\/staging\/wp-content\/uploads\/2025\/12\/pawel-czerwinski-_ePJEC-R0q4-unsplash-scaled.jpg 2560w, https:\/\/54vhavocats.com\/staging\/wp-content\/uploads\/2025\/12\/pawel-czerwinski-_ePJEC-R0q4-unsplash-300x200.jpg 300w, https:\/\/54vhavocats.com\/staging\/wp-content\/uploads\/2025\/12\/pawel-czerwinski-_ePJEC-R0q4-unsplash-1024x683.jpg 1024w, https:\/\/54vhavocats.com\/staging\/wp-content\/uploads\/2025\/12\/pawel-czerwinski-_ePJEC-R0q4-unsplash-768x512.jpg 768w, https:\/\/54vhavocats.com\/staging\/wp-content\/uploads\/2025\/12\/pawel-czerwinski-_ePJEC-R0q4-unsplash-1536x1024.jpg 1536w, https:\/\/54vhavocats.com\/staging\/wp-content\/uploads\/2025\/12\/pawel-czerwinski-_ePJEC-R0q4-unsplash-2048x1365.jpg 2048w\" sizes=\"(max-width: 2560px) 100vw, 2560px\"><\/div><div class=\"oxy-container-13-246 oxy-container list-card-right grow\"><div class=\"oxy-container-13-247 oxy-container list-card-text-wrapper grow\"><div class=\"oxy-text-13-248 oxy-text card-title\">\nM\u00e9diation\n<\/div><div class=\"oxy-text-13-249 oxy-text card-descr\">\nR\u00e9soudre autrement, durablement\n<\/div><\/div><div class=\"oxy-container-13-250 oxy-container cta-light\"><div class=\"oxy-text-13-251 oxy-text\">\nEn savoir plus\n<\/div><div class=\"oxy-svg-icon-13-252 oxy-svg-icon\">\n<svg xmlns=\"http:\/\/www.w3.org\/2000\/svg\" viewBox=\"0 0 448 512\"><!--! Font Awesome Free 6.5.1 by @fontawesome - https:\/\/fontawesome.com License - https:\/\/fontawesome.com\/license\/free (Icons: CC BY 4.0, Fonts: SIL OFL 1.1, Code: MIT License) Copyright 2023 Fonticons, Inc. --><path d=\"M438.6 278.6c12.5-12.5 12.5-32.8 0-45.3l-160-160c-12.5-12.5-32.8-12.5-45.3 0s-12.5 32.8 0 45.3L338.8 224 32 224c-17.7 0-32 14.3-32 32s14.3 32 32 32l306.7 0L233.4 393.4c-12.5 12.5-12.5 32.8 0 45.3s32.8 12.5 45.3 0l160-160z\"\/><\/svg>\n<\/div><\/div><\/div><\/a><\/div><\/div><\/div>","protected":false},"excerpt":{"rendered":"<p>Expertises Lorem ipsum dolor sit amet, consectetur adipiscing elit. Suspendisse varius elementum tristique. Duis cursus, mi quis viverra ut commodo diam libero vitae erat. une multitude de comp\u00e9tences \u00e0 votre disposition D\u00e9couvrez nos expertises juridiques Lorem ipsum dolor sit amet, consectetur adipiscing elit. Suspendisse varius elementum tristique. Duis cursus, mi quis viverra ut commodo diam [&hellip;]<\/p>\n","protected":false},"author":1,"featured_media":0,"parent":0,"menu_order":0,"comment_status":"closed","ping_status":"closed","template":"","meta":{"_acf_changed":false,"_oxygen_hide_in_design_set":false,"_oxygen_tags":"","footnotes":""},"class_list":["post-13","page","type-page","status-publish","hentry"],"acf":[],"_links":{"self":[{"href":"http:\/\/54vhavocats.com\/staging\/wp-json\/wp\/v2\/pages\/13","targetHints":{"allow":["GET"]}}],"collection":[{"href":"http:\/\/54vhavocats.com\/staging\/wp-json\/wp\/v2\/pages"}],"about":[{"href":"http:\/\/54vhavocats.com\/staging\/wp-json\/wp\/v2\/types\/page"}],"author":[{"embeddable":true,"href":"http:\/\/54vhavocats.com\/staging\/wp-json\/wp\/v2\/users\/1"}],"replies":[{"embeddable":true,"href":"http:\/\/54vhavocats.com\/staging\/wp-json\/wp\/v2\/comments?post=13"}],"version-history":[{"count":16,"href":"http:\/\/54vhavocats.com\/staging\/wp-json\/wp\/v2\/pages\/13\/revisions"}],"predecessor-version":[{"id":196,"href":"http:\/\/54vhavocats.com\/staging\/wp-json\/wp\/v2\/pages\/13\/revisions\/196"}],"wp:attachment":[{"href":"http:\/\/54vhavocats.com\/staging\/wp-json\/wp\/v2\/media?parent=13"}],"curies":[{"name":"wp","href":"https:\/\/api.w.org\/{rel}","templated":true}]}}